{"id":1702,"date":"2022-05-12T10:55:43","date_gmt":"2022-05-12T02:55:43","guid":{"rendered":"http:\/\/handbag-accessories.com\/?post_type=product&#038;p=1702"},"modified":"2022-05-13T09:56:36","modified_gmt":"2022-05-13T01:56:36","slug":"semicircular-groove-purse-frame","status":"publish","type":"product","link":"https:\/\/handbag-accessories.com\/de\/produkt\/semicircular-groove-purse-frame\/","title":{"rendered":"Halbrunder Taschenrahmen mit Rillen"},"content":{"rendered":"","protected":false},"excerpt":{"rendered":"<p>Direktverkauf von Gep\u00e4ck-Hardware-Zubeh\u00f6r ab Werk, Eckb\u00fcgel f\u00fcr Handtaschen mit halbrunden Rillen aus Eisen.<\/p>","protected":false},"featured_media":1703,"comment_status":"open","ping_status":"closed","template":"","meta":{"_seopress_robots_primary_cat":"","_seopress_titles_title":"","_seopress_titles_desc":"","_seopress_robots_index":""},"product_brand":[],"product_cat":[90],"product_tag":[116,110,99],"class_list":{"0":"post-1702","1":"product","2":"type-product","3":"status-publish","4":"has-post-thumbnail","6":"product_cat-purse-frame","7":"product_tag-iron","8":"product_tag-purse-frame","9":"product_tag-zinc-alloy","11":"first","12":"instock","13":"shipping-taxable","14":"product-type-simple"},"_links":{"self":[{"href":"https:\/\/handbag-accessories.com\/de\/wp-json\/wp\/v2\/product\/1702","targetHints":{"allow":["GET"]}}],"collection":[{"href":"https:\/\/handbag-accessories.com\/de\/wp-json\/wp\/v2\/product"}],"about":[{"href":"https:\/\/handbag-accessories.com\/de\/wp-json\/wp\/v2\/types\/product"}],"replies":[{"embeddable":true,"href":"https:\/\/handbag-accessories.com\/de\/wp-json\/wp\/v2\/comments?post=1702"}],"wp:featuredmedia":[{"embeddable":true,"href":"https:\/\/handbag-accessories.com\/de\/wp-json\/wp\/v2\/media\/1703"}],"wp:attachment":[{"href":"https:\/\/handbag-accessories.com\/de\/wp-json\/wp\/v2\/media?parent=1702"}],"wp:term":[{"taxonomy":"product_brand","embeddable":true,"href":"https:\/\/handbag-accessories.com\/de\/wp-json\/wp\/v2\/product_brand?post=1702"},{"taxonomy":"product_cat","embeddable":true,"href":"https:\/\/handbag-accessories.com\/de\/wp-json\/wp\/v2\/product_cat?post=1702"},{"taxonomy":"product_tag","embeddable":true,"href":"https:\/\/handbag-accessories.com\/de\/wp-json\/wp\/v2\/product_tag?post=1702"}],"curies":[{"name":"wp","href":"https:\/\/api.w.org\/{rel}","templated":true}]}}