{"id":1805,"date":"2022-05-28T14:10:07","date_gmt":"2022-05-28T06:10:07","guid":{"rendered":"http:\/\/handbag-accessories.com\/?post_type=product&#038;p=1805"},"modified":"2025-04-16T14:13:17","modified_gmt":"2025-04-16T06:13:17","slug":"metal-handbag-lock","status":"publish","type":"product","link":"https:\/\/handbag-accessories.com\/de\/produkt\/metal-handbag-lock\/","title":{"rendered":"Quadratisches Handtaschenschloss"},"content":{"rendered":"","protected":false},"excerpt":{"rendered":"<p>Schloss f\u00fcr Gep\u00e4ckbeschl\u00e4ge, quadratisches Einsteckschloss.<\/p>","protected":false},"featured_media":5007,"comment_status":"open","ping_status":"closed","template":"","meta":{"_seopress_robots_primary_cat":"none","_seopress_titles_title":"%%post_title%% %%sitetitle%% %%sep%%","_seopress_titles_desc":"%%post_excerpt%%","_seopress_robots_index":""},"product_brand":[],"product_cat":[88],"product_tag":[136,137],"class_list":{"0":"post-1805","1":"product","2":"type-product","3":"status-publish","4":"has-post-thumbnail","6":"product_cat-handbag-lock","7":"product_tag-handbag-lock","8":"product_tag-metal","10":"first","11":"instock","12":"shipping-taxable","13":"product-type-simple"},"_links":{"self":[{"href":"https:\/\/handbag-accessories.com\/de\/wp-json\/wp\/v2\/product\/1805","targetHints":{"allow":["GET"]}}],"collection":[{"href":"https:\/\/handbag-accessories.com\/de\/wp-json\/wp\/v2\/product"}],"about":[{"href":"https:\/\/handbag-accessories.com\/de\/wp-json\/wp\/v2\/types\/product"}],"replies":[{"embeddable":true,"href":"https:\/\/handbag-accessories.com\/de\/wp-json\/wp\/v2\/comments?post=1805"}],"wp:featuredmedia":[{"embeddable":true,"href":"https:\/\/handbag-accessories.com\/de\/wp-json\/wp\/v2\/media\/5007"}],"wp:attachment":[{"href":"https:\/\/handbag-accessories.com\/de\/wp-json\/wp\/v2\/media?parent=1805"}],"wp:term":[{"taxonomy":"product_brand","embeddable":true,"href":"https:\/\/handbag-accessories.com\/de\/wp-json\/wp\/v2\/product_brand?post=1805"},{"taxonomy":"product_cat","embeddable":true,"href":"https:\/\/handbag-accessories.com\/de\/wp-json\/wp\/v2\/product_cat?post=1805"},{"taxonomy":"product_tag","embeddable":true,"href":"https:\/\/handbag-accessories.com\/de\/wp-json\/wp\/v2\/product_tag?post=1805"}],"curies":[{"name":"wp","href":"https:\/\/api.w.org\/{rel}","templated":true}]}}