{"id":2081,"date":"2022-07-12T10:58:57","date_gmt":"2022-07-12T02:58:57","guid":{"rendered":"http:\/\/handbag-accessories.com\/?post_type=product&#038;p=2081"},"modified":"2022-07-12T11:04:21","modified_gmt":"2022-07-12T03:04:21","slug":"iron-bottom-rivets","status":"publish","type":"product","link":"https:\/\/handbag-accessories.com\/de\/produkt\/iron-bottom-rivets\/","title":{"rendered":"Eisenbodennieten"},"content":{"rendered":"","protected":false},"excerpt":{"rendered":"<p>Nagelnieten aus Zinklegierung mit Eisenunterseite, Gro\u00dfhandel f\u00fcr Gep\u00e4ck- und Lederbeschl\u00e4ge.<\/p>","protected":false},"featured_media":2082,"comment_status":"open","ping_status":"closed","template":"","meta":{"_seopress_robots_primary_cat":"","_seopress_titles_title":"","_seopress_titles_desc":"","_seopress_robots_index":""},"product_brand":[],"product_cat":[92],"product_tag":[129,130],"class_list":{"0":"post-2081","1":"product","2":"type-product","3":"status-publish","4":"has-post-thumbnail","6":"product_cat-buttonrivet","7":"product_tag-button","8":"product_tag-rivet","10":"first","11":"instock","12":"shipping-taxable","13":"product-type-simple"},"_links":{"self":[{"href":"https:\/\/handbag-accessories.com\/de\/wp-json\/wp\/v2\/product\/2081","targetHints":{"allow":["GET"]}}],"collection":[{"href":"https:\/\/handbag-accessories.com\/de\/wp-json\/wp\/v2\/product"}],"about":[{"href":"https:\/\/handbag-accessories.com\/de\/wp-json\/wp\/v2\/types\/product"}],"replies":[{"embeddable":true,"href":"https:\/\/handbag-accessories.com\/de\/wp-json\/wp\/v2\/comments?post=2081"}],"wp:featuredmedia":[{"embeddable":true,"href":"https:\/\/handbag-accessories.com\/de\/wp-json\/wp\/v2\/media\/2082"}],"wp:attachment":[{"href":"https:\/\/handbag-accessories.com\/de\/wp-json\/wp\/v2\/media?parent=2081"}],"wp:term":[{"taxonomy":"product_brand","embeddable":true,"href":"https:\/\/handbag-accessories.com\/de\/wp-json\/wp\/v2\/product_brand?post=2081"},{"taxonomy":"product_cat","embeddable":true,"href":"https:\/\/handbag-accessories.com\/de\/wp-json\/wp\/v2\/product_cat?post=2081"},{"taxonomy":"product_tag","embeddable":true,"href":"https:\/\/handbag-accessories.com\/de\/wp-json\/wp\/v2\/product_tag?post=2081"}],"curies":[{"name":"wp","href":"https:\/\/api.w.org\/{rel}","templated":true}]}}