{"id":2154,"date":"2022-07-22T13:50:59","date_gmt":"2022-07-22T05:50:59","guid":{"rendered":"http:\/\/handbag-accessories.com\/?post_type=product&#038;p=2154"},"modified":"2025-04-11T16:27:03","modified_gmt":"2025-04-11T08:27:03","slug":"wooden-handbag-handle","status":"publish","type":"product","link":"https:\/\/handbag-accessories.com\/de\/produkt\/wooden-handbag-handle\/","title":{"rendered":"Handtaschengriff aus Holz"},"content":{"rendered":"","protected":false},"excerpt":{"rendered":"<p>Handgefertigter halbkreisf\u00f6rmiger Handtaschengriff aus Holz in heller Farbe f\u00fcr Gep\u00e4ckbeschl\u00e4ge.<\/p>","protected":false},"featured_media":2155,"comment_status":"open","ping_status":"closed","template":"","meta":{"_seopress_robots_primary_cat":"none","_seopress_titles_title":"%%post_title%% %%sitetitle%% %%sep%%","_seopress_titles_desc":"%%post_excerpt%%","_seopress_robots_index":""},"product_brand":[],"product_cat":[91],"product_tag":[194],"class_list":{"0":"post-2154","1":"product","2":"type-product","3":"status-publish","4":"has-post-thumbnail","6":"product_cat-handbag-handle","7":"product_tag-wood-handbag-handle","9":"first","10":"instock","11":"shipping-taxable","12":"product-type-simple"},"_links":{"self":[{"href":"https:\/\/handbag-accessories.com\/de\/wp-json\/wp\/v2\/product\/2154","targetHints":{"allow":["GET"]}}],"collection":[{"href":"https:\/\/handbag-accessories.com\/de\/wp-json\/wp\/v2\/product"}],"about":[{"href":"https:\/\/handbag-accessories.com\/de\/wp-json\/wp\/v2\/types\/product"}],"replies":[{"embeddable":true,"href":"https:\/\/handbag-accessories.com\/de\/wp-json\/wp\/v2\/comments?post=2154"}],"wp:featuredmedia":[{"embeddable":true,"href":"https:\/\/handbag-accessories.com\/de\/wp-json\/wp\/v2\/media\/2155"}],"wp:attachment":[{"href":"https:\/\/handbag-accessories.com\/de\/wp-json\/wp\/v2\/media?parent=2154"}],"wp:term":[{"taxonomy":"product_brand","embeddable":true,"href":"https:\/\/handbag-accessories.com\/de\/wp-json\/wp\/v2\/product_brand?post=2154"},{"taxonomy":"product_cat","embeddable":true,"href":"https:\/\/handbag-accessories.com\/de\/wp-json\/wp\/v2\/product_cat?post=2154"},{"taxonomy":"product_tag","embeddable":true,"href":"https:\/\/handbag-accessories.com\/de\/wp-json\/wp\/v2\/product_tag?post=2154"}],"curies":[{"name":"wp","href":"https:\/\/api.w.org\/{rel}","templated":true}]}}