{"id":4506,"date":"2024-10-16T14:13:14","date_gmt":"2024-10-16T06:13:14","guid":{"rendered":"https:\/\/handbag-accessories.com\/?post_type=product&#038;p=4506"},"modified":"2024-10-16T14:18:05","modified_gmt":"2024-10-16T06:18:05","slug":"solid-brass-snap-hook","status":"publish","type":"product","link":"https:\/\/handbag-accessories.com\/de\/produkt\/solid-brass-snap-hook\/","title":{"rendered":"Karabinerhaken aus massivem Messing"},"content":{"rendered":"<p title=\"Alle Gr\u00f6\u00dfen Massiver Messing Karabinerhaken Hundehalsband Messing Hardware Schl\u00fcsselanh\u00e4nger Karabinerhaken Clips f\u00fcr Handtaschengurt\" data-spm-anchor-id=\"a2700.details.0.i24.346439f448z0ZR\">Alle Gr\u00f6\u00dfen Massiver Messing Karabinerhaken Hundehalsband Messing Hardware Schl\u00fcsselanh\u00e4nger Karabinerhaken Clips f\u00fcr Handtaschengurt<\/p>","protected":false},"excerpt":{"rendered":"<p>Alle Gr\u00f6\u00dfen Massiver Messing Karabinerhaken Hundehalsband Messing Hardware Schl\u00fcsselanh\u00e4nger Karabinerhaken Clips f\u00fcr Handtaschengurt<\/p>","protected":false},"featured_media":4507,"comment_status":"open","ping_status":"closed","template":"","meta":{"_seopress_robots_primary_cat":"none","_seopress_titles_title":"%%post_title%% %%sitetitle%% %%sep%%","_seopress_titles_desc":"%%post_excerpt%%","_seopress_robots_index":""},"product_brand":[],"product_cat":[188,40],"product_tag":[],"class_list":{"0":"post-4506","1":"product","2":"type-product","3":"status-publish","4":"has-post-thumbnail","6":"product_cat-brass-snap-hook","7":"product_cat-snap-hook","9":"first","10":"instock","11":"shipping-taxable","12":"product-type-simple"},"_links":{"self":[{"href":"https:\/\/handbag-accessories.com\/de\/wp-json\/wp\/v2\/product\/4506","targetHints":{"allow":["GET"]}}],"collection":[{"href":"https:\/\/handbag-accessories.com\/de\/wp-json\/wp\/v2\/product"}],"about":[{"href":"https:\/\/handbag-accessories.com\/de\/wp-json\/wp\/v2\/types\/product"}],"replies":[{"embeddable":true,"href":"https:\/\/handbag-accessories.com\/de\/wp-json\/wp\/v2\/comments?post=4506"}],"wp:featuredmedia":[{"embeddable":true,"href":"https:\/\/handbag-accessories.com\/de\/wp-json\/wp\/v2\/media\/4507"}],"wp:attachment":[{"href":"https:\/\/handbag-accessories.com\/de\/wp-json\/wp\/v2\/media?parent=4506"}],"wp:term":[{"taxonomy":"product_brand","embeddable":true,"href":"https:\/\/handbag-accessories.com\/de\/wp-json\/wp\/v2\/product_brand?post=4506"},{"taxonomy":"product_cat","embeddable":true,"href":"https:\/\/handbag-accessories.com\/de\/wp-json\/wp\/v2\/product_cat?post=4506"},{"taxonomy":"product_tag","embeddable":true,"href":"https:\/\/handbag-accessories.com\/de\/wp-json\/wp\/v2\/product_tag?post=4506"}],"curies":[{"name":"wp","href":"https:\/\/api.w.org\/{rel}","templated":true}]}}