{"id":4644,"date":"2024-11-27T15:35:42","date_gmt":"2024-11-27T07:35:42","guid":{"rendered":"https:\/\/handbag-accessories.com\/?post_type=product&#038;p=4644"},"modified":"2024-11-27T15:37:02","modified_gmt":"2024-11-27T07:37:02","slug":"p-shape-snap-hook-2","status":"publish","type":"product","link":"https:\/\/handbag-accessories.com\/de\/produkt\/p-shape-snap-hook-2\/","title":{"rendered":"P-f\u00f6rmiger Karabinerhaken"},"content":{"rendered":"<h2>Wir stellen unseren P-f\u00f6rmigen Karabinerhaken aus Metall vor<\/h2>\n<p>Entdecken Sie die Einfachheit und Zuverl\u00e4ssigkeit unseres P-f\u00f6rmigen Metallkarabinerhakens, der die Funktionalit\u00e4t Ihrer Taschen verbessert. Dieser langlebige drehbare Karabinerhaken verf\u00fcgt \u00fcber ein robustes Design, das sicherstellt, dass er der t\u00e4glichen Abnutzung standh\u00e4lt.<\/p>\n<h2>Hauptmerkmale des Karabinerhakens<\/h2>\n<p>Dieser aus hochwertigen Materialien gefertigte Karabinerhaken garantiert eine sichere Befestigung Ihrer Accessoires. Seine Schwenkfunktion erm\u00f6glicht eine einfache Handhabung und macht ihn ideal f\u00fcr den Einsatz in Handtaschen, Rucks\u00e4cken und anderen Ausr\u00fcstungsgegenst\u00e4nden.<\/p>\n<h2>Perfekt f\u00fcr jeden Anlass<\/h2>\n<p>Egal, ob Sie einen stabilen Haken f\u00fcr Ihre Alltagstasche oder ein zuverl\u00e4ssiges Accessoire f\u00fcr Ihre Outdoor-Abenteuer ben\u00f6tigen, unser Karabinerhaken ist die perfekte L\u00f6sung. Entscheiden Sie sich f\u00fcr Vielseitigkeit und Haltbarkeit mit unserem zuverl\u00e4ssigen Metallkarabinerhaken, der alle Ihre Anforderungen erf\u00fcllt.<\/p>","protected":false},"excerpt":{"rendered":"<p title=\"Einfacher, zuverl\u00e4ssiger Karabinerhaken aus Metall in P-Form, langlebiger Schwenk-Karabinerhaken f\u00fcr Tasche\" data-spm-anchor-id=\"a2700.details.0.i51.30416f0dPnhROF\">Einfacher, zuverl\u00e4ssiger Karabinerhaken aus Metall in P-Form, langlebiger Schwenk-Karabinerhaken f\u00fcr Tasche<\/p>","protected":false},"featured_media":4640,"comment_status":"open","ping_status":"closed","template":"","meta":{"_seopress_robots_primary_cat":"none","_seopress_titles_title":"%%post_title%% %%sitetitle%% %%sep%%","_seopress_titles_desc":"%%post_excerpt%%","_seopress_robots_index":""},"product_brand":[],"product_cat":[189,40],"product_tag":[137,107],"class_list":{"0":"post-4644","1":"product","2":"type-product","3":"status-publish","4":"has-post-thumbnail","6":"product_cat-zinc-alloy-snap-hook","7":"product_cat-snap-hook","8":"product_tag-metal","9":"product_tag-snap-hook","11":"first","12":"instock","13":"shipping-taxable","14":"product-type-simple"},"_links":{"self":[{"href":"https:\/\/handbag-accessories.com\/de\/wp-json\/wp\/v2\/product\/4644","targetHints":{"allow":["GET"]}}],"collection":[{"href":"https:\/\/handbag-accessories.com\/de\/wp-json\/wp\/v2\/product"}],"about":[{"href":"https:\/\/handbag-accessories.com\/de\/wp-json\/wp\/v2\/types\/product"}],"replies":[{"embeddable":true,"href":"https:\/\/handbag-accessories.com\/de\/wp-json\/wp\/v2\/comments?post=4644"}],"wp:featuredmedia":[{"embeddable":true,"href":"https:\/\/handbag-accessories.com\/de\/wp-json\/wp\/v2\/media\/4640"}],"wp:attachment":[{"href":"https:\/\/handbag-accessories.com\/de\/wp-json\/wp\/v2\/media?parent=4644"}],"wp:term":[{"taxonomy":"product_brand","embeddable":true,"href":"https:\/\/handbag-accessories.com\/de\/wp-json\/wp\/v2\/product_brand?post=4644"},{"taxonomy":"product_cat","embeddable":true,"href":"https:\/\/handbag-accessories.com\/de\/wp-json\/wp\/v2\/product_cat?post=4644"},{"taxonomy":"product_tag","embeddable":true,"href":"https:\/\/handbag-accessories.com\/de\/wp-json\/wp\/v2\/product_tag?post=4644"}],"curies":[{"name":"wp","href":"https:\/\/api.w.org\/{rel}","templated":true}]}}