{"id":4693,"date":"2024-12-06T15:45:15","date_gmt":"2024-12-06T07:45:15","guid":{"rendered":"https:\/\/handbag-accessories.com\/?post_type=product&#038;p=4693"},"modified":"2024-12-06T15:50:08","modified_gmt":"2024-12-06T07:50:08","slug":"blank-metal-label","status":"publish","type":"product","link":"https:\/\/handbag-accessories.com\/de\/produkt\/blank-metal-label\/","title":{"rendered":"Leeres Metalletikett"},"content":{"rendered":"<h2>Einf\u00fchrung<\/h2>\n<p>Werten Sie die \u00c4sthetik Ihrer Handtasche mit unserem personalisierten Blanko-Metalletikett auf. Diese Etiketten sind perfekt f\u00fcr alle, die eine einzigartige Note suchen. Sie werden mit modernen Techniken wie Siebdruck und Lasergravur hergestellt.<\/p>\n<h2>Merkmale unserer Metalletiketten<\/h2>\n<p>Jedes runde, flache Metalletikett ist auf Langlebigkeit ausgelegt. Das formfreie Verfahren sorgt f\u00fcr eine hochwertige Oberfl\u00e4che, w\u00e4hrend die Korrosionsbest\u00e4ndigkeit f\u00fcr Langlebigkeit sorgt. Diese Etiketten sind ideal f\u00fcr Heimwerker und erm\u00f6glichen die Verwendung individueller Logos, die Ihre Marke repr\u00e4sentieren.<\/p>\n<h2>Anwendungen<\/h2>\n<p>Diese vielseitigen Metalletiketten eignen sich perfekt f\u00fcr Handtaschen und zeigen Ihren Stil. Dank der Personalisierungsoptionen sind sie f\u00fcr verschiedene Designs und Anl\u00e4sse geeignet und steigern die Attraktivit\u00e4t Ihres Produkts.<\/p>","protected":false},"excerpt":{"rendered":"<p title=\"Leeres Metalletikett, formfrei, Siebdruck-Logo, Laserkorrosionsprozess, graviertes DIY-Metalletikett in runder, flacher Form f\u00fcr Handtaschen\" data-spm-anchor-id=\"a2700.details.0.i50.23553a070848YR\">Leeres Metalletikett, formfrei, Siebdruck-Logo, Laserkorrosionsprozess, graviertes DIY-Metalletikett in runder, flacher Form f\u00fcr Handtaschen<\/p>","protected":false},"featured_media":4694,"comment_status":"open","ping_status":"closed","template":"","meta":{"_seopress_robots_primary_cat":"none","_seopress_titles_title":"%%post_title%% %%sitetitle%% %%sep%%","_seopress_titles_desc":"%%post_excerpt%%","_seopress_robots_index":""},"product_brand":[],"product_cat":[69],"product_tag":[100],"class_list":{"0":"post-4693","1":"product","2":"type-product","3":"status-publish","4":"has-post-thumbnail","6":"product_cat-metal-label","7":"product_tag-metal-label","9":"first","10":"instock","11":"shipping-taxable","12":"product-type-simple"},"_links":{"self":[{"href":"https:\/\/handbag-accessories.com\/de\/wp-json\/wp\/v2\/product\/4693","targetHints":{"allow":["GET"]}}],"collection":[{"href":"https:\/\/handbag-accessories.com\/de\/wp-json\/wp\/v2\/product"}],"about":[{"href":"https:\/\/handbag-accessories.com\/de\/wp-json\/wp\/v2\/types\/product"}],"replies":[{"embeddable":true,"href":"https:\/\/handbag-accessories.com\/de\/wp-json\/wp\/v2\/comments?post=4693"}],"wp:featuredmedia":[{"embeddable":true,"href":"https:\/\/handbag-accessories.com\/de\/wp-json\/wp\/v2\/media\/4694"}],"wp:attachment":[{"href":"https:\/\/handbag-accessories.com\/de\/wp-json\/wp\/v2\/media?parent=4693"}],"wp:term":[{"taxonomy":"product_brand","embeddable":true,"href":"https:\/\/handbag-accessories.com\/de\/wp-json\/wp\/v2\/product_brand?post=4693"},{"taxonomy":"product_cat","embeddable":true,"href":"https:\/\/handbag-accessories.com\/de\/wp-json\/wp\/v2\/product_cat?post=4693"},{"taxonomy":"product_tag","embeddable":true,"href":"https:\/\/handbag-accessories.com\/de\/wp-json\/wp\/v2\/product_tag?post=4693"}],"curies":[{"name":"wp","href":"https:\/\/api.w.org\/{rel}","templated":true}]}}