{"id":1759,"date":"2022-05-23T11:58:03","date_gmt":"2022-05-23T03:58:03","guid":{"rendered":"http:\/\/handbag-accessories.com\/?post_type=product&#038;p=1759"},"modified":"2022-05-26T10:08:06","modified_gmt":"2022-05-26T02:08:06","slug":"double-sided-rivets","status":"publish","type":"product","link":"https:\/\/handbag-accessories.com\/es\/producto\/double-sided-rivets\/","title":{"rendered":"Remaches de doble cara"},"content":{"rendered":"","protected":false},"excerpt":{"rendered":"<p>Venta directa de f\u00e1brica de botones y clavos remachados de doble cara y clavos de fijaci\u00f3n met\u00e1licos brillantes para accesorios de ropa y equipaje.<\/p>","protected":false},"featured_media":1785,"comment_status":"open","ping_status":"closed","template":"","meta":{"_seopress_robots_primary_cat":"","_seopress_titles_title":"","_seopress_titles_desc":"","_seopress_robots_index":""},"product_brand":[],"product_cat":[92],"product_tag":[129,130],"class_list":{"0":"post-1759","1":"product","2":"type-product","3":"status-publish","4":"has-post-thumbnail","6":"product_cat-buttonrivet","7":"product_tag-button","8":"product_tag-rivet","10":"first","11":"instock","12":"shipping-taxable","13":"product-type-simple"},"_links":{"self":[{"href":"https:\/\/handbag-accessories.com\/es\/wp-json\/wp\/v2\/product\/1759","targetHints":{"allow":["GET"]}}],"collection":[{"href":"https:\/\/handbag-accessories.com\/es\/wp-json\/wp\/v2\/product"}],"about":[{"href":"https:\/\/handbag-accessories.com\/es\/wp-json\/wp\/v2\/types\/product"}],"replies":[{"embeddable":true,"href":"https:\/\/handbag-accessories.com\/es\/wp-json\/wp\/v2\/comments?post=1759"}],"wp:featuredmedia":[{"embeddable":true,"href":"https:\/\/handbag-accessories.com\/es\/wp-json\/wp\/v2\/media\/1785"}],"wp:attachment":[{"href":"https:\/\/handbag-accessories.com\/es\/wp-json\/wp\/v2\/media?parent=1759"}],"wp:term":[{"taxonomy":"product_brand","embeddable":true,"href":"https:\/\/handbag-accessories.com\/es\/wp-json\/wp\/v2\/product_brand?post=1759"},{"taxonomy":"product_cat","embeddable":true,"href":"https:\/\/handbag-accessories.com\/es\/wp-json\/wp\/v2\/product_cat?post=1759"},{"taxonomy":"product_tag","embeddable":true,"href":"https:\/\/handbag-accessories.com\/es\/wp-json\/wp\/v2\/product_tag?post=1759"}],"curies":[{"name":"wp","href":"https:\/\/api.w.org\/{rel}","templated":true}]}}