{"id":2171,"date":"2022-07-25T10:46:21","date_gmt":"2022-07-25T02:46:21","guid":{"rendered":"http:\/\/handbag-accessories.com\/?post_type=product&#038;p=2171"},"modified":"2023-05-17T17:33:21","modified_gmt":"2023-05-17T09:33:21","slug":"ethnic-style-handbag-handle","status":"publish","type":"product","link":"https:\/\/handbag-accessories.com\/es\/producto\/ethnic-style-handbag-handle\/","title":{"rendered":"Asa de bolso estilo \u00e9tnico"},"content":{"rendered":"","protected":false},"excerpt":{"rendered":"<p>Cintur\u00f3n de estilo \u00e9tnico para bolso, correa para bolso de mano, correa para bolso de hombro ajustable y desmontable, accesorios para bolso de bricolaje, correa para bolso.<\/p>","protected":false},"featured_media":2181,"comment_status":"open","ping_status":"closed","template":"","meta":{"_seopress_robots_primary_cat":"none","_seopress_titles_title":"%%post_title%% %%sitetitle%% %%sep%%","_seopress_titles_desc":"%%post_excerpt%%","_seopress_robots_index":""},"product_brand":[],"product_cat":[91],"product_tag":[154],"class_list":{"0":"post-2171","1":"product","2":"type-product","3":"status-publish","4":"has-post-thumbnail","6":"product_cat-handbag-handle","7":"product_tag-handbag-handle","9":"first","10":"instock","11":"shipping-taxable","12":"product-type-simple"},"_links":{"self":[{"href":"https:\/\/handbag-accessories.com\/es\/wp-json\/wp\/v2\/product\/2171","targetHints":{"allow":["GET"]}}],"collection":[{"href":"https:\/\/handbag-accessories.com\/es\/wp-json\/wp\/v2\/product"}],"about":[{"href":"https:\/\/handbag-accessories.com\/es\/wp-json\/wp\/v2\/types\/product"}],"replies":[{"embeddable":true,"href":"https:\/\/handbag-accessories.com\/es\/wp-json\/wp\/v2\/comments?post=2171"}],"wp:featuredmedia":[{"embeddable":true,"href":"https:\/\/handbag-accessories.com\/es\/wp-json\/wp\/v2\/media\/2181"}],"wp:attachment":[{"href":"https:\/\/handbag-accessories.com\/es\/wp-json\/wp\/v2\/media?parent=2171"}],"wp:term":[{"taxonomy":"product_brand","embeddable":true,"href":"https:\/\/handbag-accessories.com\/es\/wp-json\/wp\/v2\/product_brand?post=2171"},{"taxonomy":"product_cat","embeddable":true,"href":"https:\/\/handbag-accessories.com\/es\/wp-json\/wp\/v2\/product_cat?post=2171"},{"taxonomy":"product_tag","embeddable":true,"href":"https:\/\/handbag-accessories.com\/es\/wp-json\/wp\/v2\/product_tag?post=2171"}],"curies":[{"name":"wp","href":"https:\/\/api.w.org\/{rel}","templated":true}]}}