{"id":2225,"date":"2022-07-28T15:10:39","date_gmt":"2022-07-28T07:10:39","guid":{"rendered":"http:\/\/handbag-accessories.com\/?post_type=product&#038;p=2225"},"modified":"2022-07-28T15:12:50","modified_gmt":"2022-07-28T07:12:50","slug":"deer-design-metal-turn-lock","status":"publish","type":"product","link":"https:\/\/handbag-accessories.com\/es\/producto\/deer-design-metal-turn-lock\/","title":{"rendered":"Cerradura giratoria de metal con dise\u00f1o de ciervo"},"content":{"rendered":"","protected":false},"excerpt":{"rendered":"<p>Accesorios pr\u00e1cticos para bolsos, dise\u00f1o de ciervo, cierre giratorio de metal, cierre giratorio, bricolaje, bolso de hombro, pieza de hardware, decoraci\u00f3n de bolsos.<\/p>","protected":false},"featured_media":2226,"comment_status":"open","ping_status":"closed","template":"","meta":{"_seopress_robots_primary_cat":"","_seopress_titles_title":"","_seopress_titles_desc":"","_seopress_robots_index":""},"product_brand":[],"product_cat":[88],"product_tag":[136,137],"class_list":{"0":"post-2225","1":"product","2":"type-product","3":"status-publish","4":"has-post-thumbnail","6":"product_cat-handbag-lock","7":"product_tag-handbag-lock","8":"product_tag-metal","10":"first","11":"instock","12":"shipping-taxable","13":"product-type-simple"},"_links":{"self":[{"href":"https:\/\/handbag-accessories.com\/es\/wp-json\/wp\/v2\/product\/2225","targetHints":{"allow":["GET"]}}],"collection":[{"href":"https:\/\/handbag-accessories.com\/es\/wp-json\/wp\/v2\/product"}],"about":[{"href":"https:\/\/handbag-accessories.com\/es\/wp-json\/wp\/v2\/types\/product"}],"replies":[{"embeddable":true,"href":"https:\/\/handbag-accessories.com\/es\/wp-json\/wp\/v2\/comments?post=2225"}],"wp:featuredmedia":[{"embeddable":true,"href":"https:\/\/handbag-accessories.com\/es\/wp-json\/wp\/v2\/media\/2226"}],"wp:attachment":[{"href":"https:\/\/handbag-accessories.com\/es\/wp-json\/wp\/v2\/media?parent=2225"}],"wp:term":[{"taxonomy":"product_brand","embeddable":true,"href":"https:\/\/handbag-accessories.com\/es\/wp-json\/wp\/v2\/product_brand?post=2225"},{"taxonomy":"product_cat","embeddable":true,"href":"https:\/\/handbag-accessories.com\/es\/wp-json\/wp\/v2\/product_cat?post=2225"},{"taxonomy":"product_tag","embeddable":true,"href":"https:\/\/handbag-accessories.com\/es\/wp-json\/wp\/v2\/product_tag?post=2225"}],"curies":[{"name":"wp","href":"https:\/\/api.w.org\/{rel}","templated":true}]}}