{"id":4517,"date":"2024-10-16T14:28:26","date_gmt":"2024-10-16T06:28:26","guid":{"rendered":"https:\/\/handbag-accessories.com\/?post_type=product&#038;p=4517"},"modified":"2024-10-16T14:36:14","modified_gmt":"2024-10-16T06:36:14","slug":"rainbow-color-snap-hook","status":"publish","type":"product","link":"https:\/\/handbag-accessories.com\/es\/producto\/rainbow-color-snap-hook\/","title":{"rendered":"Mosquet\u00f3n de color arco\u00edris"},"content":{"rendered":"<p title=\"Accesorios de metal para collar de perro, hebillas de liberaci\u00f3n r\u00e1pida con anilla en D de 25 mm, gancho a presi\u00f3n para bolsa de 1 pulgada para cuerda de tracci\u00f3n para mascotas\" data-spm-anchor-id=\"a2700.details.0.i24.7b655c42IHUdiV\">Accesorios de metal para collar de perro, hebillas de liberaci\u00f3n r\u00e1pida con anilla en D de 25 mm, gancho a presi\u00f3n para bolsa de 1 pulgada para cuerda de tracci\u00f3n para mascotas<\/p>","protected":false},"excerpt":{"rendered":"<p>Gancho a presi\u00f3n de color arco\u00edris, accesorio de metal, 25 mm, 1 pulgada, gancho a presi\u00f3n para bolsa<\/p>","protected":false},"featured_media":4519,"comment_status":"open","ping_status":"closed","template":"","meta":{"_seopress_robots_primary_cat":"none","_seopress_titles_title":"%%post_title%% %%sitetitle%% %%sep%%","_seopress_titles_desc":"%%post_excerpt%%","_seopress_robots_index":""},"product_brand":[],"product_cat":[189,40],"product_tag":[137,107],"class_list":{"0":"post-4517","1":"product","2":"type-product","3":"status-publish","4":"has-post-thumbnail","6":"product_cat-zinc-alloy-snap-hook","7":"product_cat-snap-hook","8":"product_tag-metal","9":"product_tag-snap-hook","11":"first","12":"instock","13":"shipping-taxable","14":"product-type-simple"},"_links":{"self":[{"href":"https:\/\/handbag-accessories.com\/es\/wp-json\/wp\/v2\/product\/4517","targetHints":{"allow":["GET"]}}],"collection":[{"href":"https:\/\/handbag-accessories.com\/es\/wp-json\/wp\/v2\/product"}],"about":[{"href":"https:\/\/handbag-accessories.com\/es\/wp-json\/wp\/v2\/types\/product"}],"replies":[{"embeddable":true,"href":"https:\/\/handbag-accessories.com\/es\/wp-json\/wp\/v2\/comments?post=4517"}],"wp:featuredmedia":[{"embeddable":true,"href":"https:\/\/handbag-accessories.com\/es\/wp-json\/wp\/v2\/media\/4519"}],"wp:attachment":[{"href":"https:\/\/handbag-accessories.com\/es\/wp-json\/wp\/v2\/media?parent=4517"}],"wp:term":[{"taxonomy":"product_brand","embeddable":true,"href":"https:\/\/handbag-accessories.com\/es\/wp-json\/wp\/v2\/product_brand?post=4517"},{"taxonomy":"product_cat","embeddable":true,"href":"https:\/\/handbag-accessories.com\/es\/wp-json\/wp\/v2\/product_cat?post=4517"},{"taxonomy":"product_tag","embeddable":true,"href":"https:\/\/handbag-accessories.com\/es\/wp-json\/wp\/v2\/product_tag?post=4517"}],"curies":[{"name":"wp","href":"https:\/\/api.w.org\/{rel}","templated":true}]}}