{"id":4634,"date":"2024-11-27T15:15:20","date_gmt":"2024-11-27T07:15:20","guid":{"rendered":"https:\/\/handbag-accessories.com\/?post_type=product&#038;p=4634"},"modified":"2024-11-27T15:17:55","modified_gmt":"2024-11-27T07:17:55","slug":"iron-snap-lanyard-hooks","status":"publish","type":"product","link":"https:\/\/handbag-accessories.com\/es\/producto\/iron-snap-lanyard-hooks\/","title":{"rendered":"Ganchos de cord\u00f3n de hierro a presi\u00f3n"},"content":{"rendered":"<h2>Introducci\u00f3n a los ganchos de seguridad de hierro<\/h2>\n<p>Los ganchos de hierro para cordones son accesorios esenciales dise\u00f1ados para mejorar la funcionalidad de los cordones. Fabricados con materiales duraderos, estos ganchos garantizan una sujeci\u00f3n segura para sus credenciales de identificaci\u00f3n, llaves o herramientas, lo que los hace incre\u00edblemente confiables para el uso diario.<\/p>\n<h2>Beneficios de utilizar ganchos de hierro para cordones<\/h2>\n<p>Una de las principales ventajas de los ganchos de hierro para cordones es su resistencia. A diferencia de sus hom\u00f3logos de pl\u00e1stico, los ganchos de hierro ofrecen una durabilidad inigualable, lo que garantiza que sus art\u00edculos permanezcan sujetos, incluso en condiciones rigurosas. Adem\u00e1s, su elegante dise\u00f1o ofrece una apariencia profesional, adecuada para diversos entornos, desde entornos corporativos hasta informales.<\/p>\n<h2>Conclusi\u00f3n<\/h2>\n<p>En resumen, incorporar ganchos de hierro para cordones a su rutina puede simplificar significativamente la forma en que administra y exhibe art\u00edculos importantes. Su practicidad y robustez los convierten en una opci\u00f3n esencial para quienes buscan accesorios de cordones confiables.<\/p>","protected":false},"excerpt":{"rendered":"<p title=\"Ganchos de cord\u00f3n de hierro de varios tama\u00f1os, sencillos, con forma de gota, con resorte de metal, para llavero\" data-spm-anchor-id=\"a2700.details.0.i50.365b708dDADzqy\">Ganchos de cord\u00f3n de hierro de varios tama\u00f1os, sencillos, con forma de gota, con resorte de metal, para llavero<\/p>","protected":false},"featured_media":4636,"comment_status":"open","ping_status":"closed","template":"","meta":{"_seopress_robots_primary_cat":"none","_seopress_titles_title":"%%post_title%% %%sitetitle%% %%sep%%","_seopress_titles_desc":"%%post_excerpt%%","_seopress_robots_index":""},"product_brand":[],"product_cat":[190,40],"product_tag":[137,107],"class_list":{"0":"post-4634","1":"product","2":"type-product","3":"status-publish","4":"has-post-thumbnail","6":"product_cat-iron-snap-hook","7":"product_cat-snap-hook","8":"product_tag-metal","9":"product_tag-snap-hook","11":"first","12":"instock","13":"shipping-taxable","14":"product-type-simple"},"_links":{"self":[{"href":"https:\/\/handbag-accessories.com\/es\/wp-json\/wp\/v2\/product\/4634","targetHints":{"allow":["GET"]}}],"collection":[{"href":"https:\/\/handbag-accessories.com\/es\/wp-json\/wp\/v2\/product"}],"about":[{"href":"https:\/\/handbag-accessories.com\/es\/wp-json\/wp\/v2\/types\/product"}],"replies":[{"embeddable":true,"href":"https:\/\/handbag-accessories.com\/es\/wp-json\/wp\/v2\/comments?post=4634"}],"wp:featuredmedia":[{"embeddable":true,"href":"https:\/\/handbag-accessories.com\/es\/wp-json\/wp\/v2\/media\/4636"}],"wp:attachment":[{"href":"https:\/\/handbag-accessories.com\/es\/wp-json\/wp\/v2\/media?parent=4634"}],"wp:term":[{"taxonomy":"product_brand","embeddable":true,"href":"https:\/\/handbag-accessories.com\/es\/wp-json\/wp\/v2\/product_brand?post=4634"},{"taxonomy":"product_cat","embeddable":true,"href":"https:\/\/handbag-accessories.com\/es\/wp-json\/wp\/v2\/product_cat?post=4634"},{"taxonomy":"product_tag","embeddable":true,"href":"https:\/\/handbag-accessories.com\/es\/wp-json\/wp\/v2\/product_tag?post=4634"}],"curies":[{"name":"wp","href":"https:\/\/api.w.org\/{rel}","templated":true}]}}