{"id":4704,"date":"2024-12-11T13:56:50","date_gmt":"2024-12-11T05:56:50","guid":{"rendered":"https:\/\/handbag-accessories.com\/?post_type=product&#038;p=4704"},"modified":"2024-12-11T13:58:38","modified_gmt":"2024-12-11T05:58:38","slug":"diamond-metal-label","status":"publish","type":"product","link":"https:\/\/handbag-accessories.com\/es\/producto\/diamond-metal-label\/","title":{"rendered":"Etiqueta de metal con forma de diamante"},"content":{"rendered":"<h2>Dise\u00f1o personalizado para un toque \u00fanico<\/h2>\n<p>Realza tu bolso con nuestras impresionantes etiquetas de metal con forma de diamante. Cada etiqueta se puede personalizar para incluir el logotipo de tu marca y hacer que destaque dondequiera que vayas. Nuestras etiquetas no son simples etiquetas comunes, son un elemento \u00fanico que enfatiza la identidad de tu marca.<\/p>\n<h2>Materiales de calidad para mayor durabilidad<\/h2>\n<p>Estas etiquetas decorativas, fabricadas con metal de alta calidad y con diamantes de imitaci\u00f3n aut\u00e9nticos incrustados, est\u00e1n hechas para durar. Ofrecen elegancia y resistencia, lo que garantiza que su marca se destaque y resista el uso diario.<\/p>\n<h2>Perfecto para distinguir tu estilo<\/h2>\n<p>Tanto si eres un dise\u00f1ador que busca a\u00f1adir un toque final a tu colecci\u00f3n como si eres una persona que busca un toque personalizado, nuestras etiquetas de metal con forma de diamante son la opci\u00f3n ideal. Personaliza tu etiqueta y deja que tu bolso refleje tu estilo \u00fanico.<\/p>","protected":false},"excerpt":{"rendered":"<p title=\"Etiquetas de metal con diamantes, dise\u00f1o personalizado, logotipo de marca, etiqueta decorativa con diamantes de imitaci\u00f3n para bolsos\">Etiquetas de metal con diamantes, dise\u00f1o personalizado, logotipo de marca, etiqueta decorativa con diamantes de imitaci\u00f3n para bolsos<\/p>","protected":false},"featured_media":4707,"comment_status":"open","ping_status":"closed","template":"","meta":{"_seopress_robots_primary_cat":"none","_seopress_titles_title":"%%post_title%% %%sitetitle%% %%sep%%","_seopress_titles_desc":"%%post_excerpt%%","_seopress_robots_index":""},"product_brand":[],"product_cat":[69,101],"product_tag":[100],"class_list":{"0":"post-4704","1":"product","2":"type-product","3":"status-publish","4":"has-post-thumbnail","6":"product_cat-metal-label","7":"product_cat-zinc-alloy-label","8":"product_tag-metal-label","10":"first","11":"instock","12":"shipping-taxable","13":"product-type-simple"},"_links":{"self":[{"href":"https:\/\/handbag-accessories.com\/es\/wp-json\/wp\/v2\/product\/4704","targetHints":{"allow":["GET"]}}],"collection":[{"href":"https:\/\/handbag-accessories.com\/es\/wp-json\/wp\/v2\/product"}],"about":[{"href":"https:\/\/handbag-accessories.com\/es\/wp-json\/wp\/v2\/types\/product"}],"replies":[{"embeddable":true,"href":"https:\/\/handbag-accessories.com\/es\/wp-json\/wp\/v2\/comments?post=4704"}],"wp:featuredmedia":[{"embeddable":true,"href":"https:\/\/handbag-accessories.com\/es\/wp-json\/wp\/v2\/media\/4707"}],"wp:attachment":[{"href":"https:\/\/handbag-accessories.com\/es\/wp-json\/wp\/v2\/media?parent=4704"}],"wp:term":[{"taxonomy":"product_brand","embeddable":true,"href":"https:\/\/handbag-accessories.com\/es\/wp-json\/wp\/v2\/product_brand?post=4704"},{"taxonomy":"product_cat","embeddable":true,"href":"https:\/\/handbag-accessories.com\/es\/wp-json\/wp\/v2\/product_cat?post=4704"},{"taxonomy":"product_tag","embeddable":true,"href":"https:\/\/handbag-accessories.com\/es\/wp-json\/wp\/v2\/product_tag?post=4704"}],"curies":[{"name":"wp","href":"https:\/\/api.w.org\/{rel}","templated":true}]}}