{"id":1741,"date":"2022-05-20T09:46:48","date_gmt":"2022-05-20T01:46:48","guid":{"rendered":"http:\/\/handbag-accessories.com\/?post_type=product&#038;p=1741"},"modified":"2022-05-20T09:56:40","modified_gmt":"2022-05-20T01:56:40","slug":"metal-button-eyelet","status":"publish","type":"product","link":"https:\/\/handbag-accessories.com\/fr\/produit\/metal-button-eyelet\/","title":{"rendered":"Bouton \u00e0 \u0153illet en m\u00e9tal"},"content":{"rendered":"","protected":false},"excerpt":{"rendered":"<p>\u0152illet en m\u00e9tal, \u0153illet de chaussure, \u0153illet d&#039;air, boucle de rivet, rivet creux, \u0153illet \u00e0 vapeur, \u0153illet de chaussure, boucle de v\u00eatement.<\/p>","protected":false},"featured_media":1742,"comment_status":"open","ping_status":"closed","template":"","meta":{"_seopress_robots_primary_cat":"","_seopress_titles_title":"","_seopress_titles_desc":"","_seopress_robots_index":""},"product_brand":[],"product_cat":[87],"product_tag":[125],"class_list":{"0":"post-1741","1":"product","2":"type-product","3":"status-publish","4":"has-post-thumbnail","6":"product_cat-eyelet","7":"product_tag-eyelet","9":"first","10":"instock","11":"shipping-taxable","12":"product-type-simple"},"_links":{"self":[{"href":"https:\/\/handbag-accessories.com\/fr\/wp-json\/wp\/v2\/product\/1741","targetHints":{"allow":["GET"]}}],"collection":[{"href":"https:\/\/handbag-accessories.com\/fr\/wp-json\/wp\/v2\/product"}],"about":[{"href":"https:\/\/handbag-accessories.com\/fr\/wp-json\/wp\/v2\/types\/product"}],"replies":[{"embeddable":true,"href":"https:\/\/handbag-accessories.com\/fr\/wp-json\/wp\/v2\/comments?post=1741"}],"wp:featuredmedia":[{"embeddable":true,"href":"https:\/\/handbag-accessories.com\/fr\/wp-json\/wp\/v2\/media\/1742"}],"wp:attachment":[{"href":"https:\/\/handbag-accessories.com\/fr\/wp-json\/wp\/v2\/media?parent=1741"}],"wp:term":[{"taxonomy":"product_brand","embeddable":true,"href":"https:\/\/handbag-accessories.com\/fr\/wp-json\/wp\/v2\/product_brand?post=1741"},{"taxonomy":"product_cat","embeddable":true,"href":"https:\/\/handbag-accessories.com\/fr\/wp-json\/wp\/v2\/product_cat?post=1741"},{"taxonomy":"product_tag","embeddable":true,"href":"https:\/\/handbag-accessories.com\/fr\/wp-json\/wp\/v2\/product_tag?post=1741"}],"curies":[{"name":"wp","href":"https:\/\/api.w.org\/{rel}","templated":true}]}}