{"id":1996,"date":"2022-06-29T10:40:55","date_gmt":"2022-06-29T02:40:55","guid":{"rendered":"http:\/\/handbag-accessories.com\/?post_type=product&#038;p=1996"},"modified":"2025-04-16T16:11:28","modified_gmt":"2025-04-16T08:11:28","slug":"handbag-square-lock","status":"publish","type":"product","link":"https:\/\/handbag-accessories.com\/fr\/produit\/handbag-square-lock\/","title":{"rendered":"Serrure carr\u00e9e pour sac \u00e0 main"},"content":{"rendered":"","protected":false},"excerpt":{"rendered":"<p>Accessoires de quincaillerie de sac \u00e0 main personnalis\u00e9s, serrure \u00e0 mortaise carr\u00e9e, accessoires de quincaillerie de sac \u00e0 verrouillage par rotation positif.<\/p>","protected":false},"featured_media":5043,"comment_status":"open","ping_status":"closed","template":"","meta":{"_seopress_robots_primary_cat":"none","_seopress_titles_title":"%%post_title%% %%sitetitle%% %%sep%%","_seopress_titles_desc":"%%post_excerpt%%","_seopress_robots_index":""},"product_brand":[],"product_cat":[88],"product_tag":[136,137],"class_list":{"0":"post-1996","1":"product","2":"type-product","3":"status-publish","4":"has-post-thumbnail","6":"product_cat-handbag-lock","7":"product_tag-handbag-lock","8":"product_tag-metal","10":"first","11":"instock","12":"shipping-taxable","13":"product-type-simple"},"_links":{"self":[{"href":"https:\/\/handbag-accessories.com\/fr\/wp-json\/wp\/v2\/product\/1996","targetHints":{"allow":["GET"]}}],"collection":[{"href":"https:\/\/handbag-accessories.com\/fr\/wp-json\/wp\/v2\/product"}],"about":[{"href":"https:\/\/handbag-accessories.com\/fr\/wp-json\/wp\/v2\/types\/product"}],"replies":[{"embeddable":true,"href":"https:\/\/handbag-accessories.com\/fr\/wp-json\/wp\/v2\/comments?post=1996"}],"wp:featuredmedia":[{"embeddable":true,"href":"https:\/\/handbag-accessories.com\/fr\/wp-json\/wp\/v2\/media\/5043"}],"wp:attachment":[{"href":"https:\/\/handbag-accessories.com\/fr\/wp-json\/wp\/v2\/media?parent=1996"}],"wp:term":[{"taxonomy":"product_brand","embeddable":true,"href":"https:\/\/handbag-accessories.com\/fr\/wp-json\/wp\/v2\/product_brand?post=1996"},{"taxonomy":"product_cat","embeddable":true,"href":"https:\/\/handbag-accessories.com\/fr\/wp-json\/wp\/v2\/product_cat?post=1996"},{"taxonomy":"product_tag","embeddable":true,"href":"https:\/\/handbag-accessories.com\/fr\/wp-json\/wp\/v2\/product_tag?post=1996"}],"curies":[{"name":"wp","href":"https:\/\/api.w.org\/{rel}","templated":true}]}}