{"id":2093,"date":"2022-07-12T11:20:33","date_gmt":"2022-07-12T03:20:33","guid":{"rendered":"http:\/\/handbag-accessories.com\/?post_type=product&#038;p=2093"},"modified":"2025-04-16T14:22:35","modified_gmt":"2025-04-16T06:22:35","slug":"handbag-metal-mortise-lock","status":"publish","type":"product","link":"https:\/\/handbag-accessories.com\/fr\/produit\/handbag-metal-mortise-lock\/","title":{"rendered":"Serrure \u00e0 mortaise pour sac \u00e0 main"},"content":{"rendered":"","protected":false},"excerpt":{"rendered":"<p>Accessoires de quincaillerie pour bagages, quincaillerie pour sac \u00e0 main avec serrure \u00e0 mortaise en m\u00e9tal, serrure en fer pour sac \u00e0 main.<\/p>","protected":false},"featured_media":5023,"comment_status":"open","ping_status":"closed","template":"","meta":{"_seopress_robots_primary_cat":"none","_seopress_titles_title":"%%post_title%% %%sitetitle%% %%sep%%","_seopress_titles_desc":"%%post_excerpt%%","_seopress_robots_index":""},"product_brand":[],"product_cat":[88],"product_tag":[136,137],"class_list":{"0":"post-2093","1":"product","2":"type-product","3":"status-publish","4":"has-post-thumbnail","6":"product_cat-handbag-lock","7":"product_tag-handbag-lock","8":"product_tag-metal","10":"first","11":"instock","12":"shipping-taxable","13":"product-type-simple"},"_links":{"self":[{"href":"https:\/\/handbag-accessories.com\/fr\/wp-json\/wp\/v2\/product\/2093","targetHints":{"allow":["GET"]}}],"collection":[{"href":"https:\/\/handbag-accessories.com\/fr\/wp-json\/wp\/v2\/product"}],"about":[{"href":"https:\/\/handbag-accessories.com\/fr\/wp-json\/wp\/v2\/types\/product"}],"replies":[{"embeddable":true,"href":"https:\/\/handbag-accessories.com\/fr\/wp-json\/wp\/v2\/comments?post=2093"}],"wp:featuredmedia":[{"embeddable":true,"href":"https:\/\/handbag-accessories.com\/fr\/wp-json\/wp\/v2\/media\/5023"}],"wp:attachment":[{"href":"https:\/\/handbag-accessories.com\/fr\/wp-json\/wp\/v2\/media?parent=2093"}],"wp:term":[{"taxonomy":"product_brand","embeddable":true,"href":"https:\/\/handbag-accessories.com\/fr\/wp-json\/wp\/v2\/product_brand?post=2093"},{"taxonomy":"product_cat","embeddable":true,"href":"https:\/\/handbag-accessories.com\/fr\/wp-json\/wp\/v2\/product_cat?post=2093"},{"taxonomy":"product_tag","embeddable":true,"href":"https:\/\/handbag-accessories.com\/fr\/wp-json\/wp\/v2\/product_tag?post=2093"}],"curies":[{"name":"wp","href":"https:\/\/api.w.org\/{rel}","templated":true}]}}