{"id":2098,"date":"2022-07-12T11:47:18","date_gmt":"2022-07-12T03:47:18","guid":{"rendered":"http:\/\/handbag-accessories.com\/?post_type=product&#038;p=2098"},"modified":"2025-04-11T16:08:37","modified_gmt":"2025-04-11T08:08:37","slug":"metal-handbag-handle-accessories","status":"publish","type":"product","link":"https:\/\/handbag-accessories.com\/fr\/produit\/metal-handbag-handle-accessories\/","title":{"rendered":"Accessoires pour poign\u00e9es de sac \u00e0 main en m\u00e9tal"},"content":{"rendered":"","protected":false},"excerpt":{"rendered":"<p>Accessoires de poign\u00e9e en m\u00e9tal, accessoires de sac DIY, poign\u00e9es de sac \u00e0 main, accessoires de quincaillerie de bagages.<\/p>","protected":false},"featured_media":4913,"comment_status":"open","ping_status":"closed","template":"","meta":{"_seopress_robots_primary_cat":"none","_seopress_titles_title":"%%post_title%% %%sitetitle%% %%sep%%","_seopress_titles_desc":"%%post_excerpt%%","_seopress_robots_index":""},"product_brand":[],"product_cat":[91],"product_tag":[154,116,99],"class_list":{"0":"post-2098","1":"product","2":"type-product","3":"status-publish","4":"has-post-thumbnail","6":"product_cat-handbag-handle","7":"product_tag-handbag-handle","8":"product_tag-iron","9":"product_tag-zinc-alloy","11":"first","12":"instock","13":"shipping-taxable","14":"product-type-simple"},"_links":{"self":[{"href":"https:\/\/handbag-accessories.com\/fr\/wp-json\/wp\/v2\/product\/2098","targetHints":{"allow":["GET"]}}],"collection":[{"href":"https:\/\/handbag-accessories.com\/fr\/wp-json\/wp\/v2\/product"}],"about":[{"href":"https:\/\/handbag-accessories.com\/fr\/wp-json\/wp\/v2\/types\/product"}],"replies":[{"embeddable":true,"href":"https:\/\/handbag-accessories.com\/fr\/wp-json\/wp\/v2\/comments?post=2098"}],"wp:featuredmedia":[{"embeddable":true,"href":"https:\/\/handbag-accessories.com\/fr\/wp-json\/wp\/v2\/media\/4913"}],"wp:attachment":[{"href":"https:\/\/handbag-accessories.com\/fr\/wp-json\/wp\/v2\/media?parent=2098"}],"wp:term":[{"taxonomy":"product_brand","embeddable":true,"href":"https:\/\/handbag-accessories.com\/fr\/wp-json\/wp\/v2\/product_brand?post=2098"},{"taxonomy":"product_cat","embeddable":true,"href":"https:\/\/handbag-accessories.com\/fr\/wp-json\/wp\/v2\/product_cat?post=2098"},{"taxonomy":"product_tag","embeddable":true,"href":"https:\/\/handbag-accessories.com\/fr\/wp-json\/wp\/v2\/product_tag?post=2098"}],"curies":[{"name":"wp","href":"https:\/\/api.w.org\/{rel}","templated":true}]}}