{"id":2159,"date":"2022-07-22T14:08:20","date_gmt":"2022-07-22T06:08:20","guid":{"rendered":"http:\/\/handbag-accessories.com\/?post_type=product&#038;p=2159"},"modified":"2022-07-22T14:17:38","modified_gmt":"2022-07-22T06:17:38","slug":"die-casting-square-buckle","status":"publish","type":"product","link":"https:\/\/handbag-accessories.com\/fr\/produit\/die-casting-square-buckle\/","title":{"rendered":"Boucle carr\u00e9e moul\u00e9e sous pression"},"content":{"rendered":"","protected":false},"excerpt":{"rendered":"<p>Quincaillerie v\u00eatements bagages accessoires fil rond alliage de zinc fil rond moulage sous pression boucle carr\u00e9e anneau carr\u00e9 boucle de bouche rectangulaire en gros.<\/p>","protected":false},"featured_media":2160,"comment_status":"open","ping_status":"closed","template":"","meta":{"_seopress_robots_primary_cat":"","_seopress_titles_title":"","_seopress_titles_desc":"","_seopress_robots_index":""},"product_brand":[],"product_cat":[89],"product_tag":[151,137],"class_list":{"0":"post-2159","1":"product","2":"type-product","3":"status-publish","4":"has-post-thumbnail","6":"product_cat-handbag-buckle","7":"product_tag-buckle","8":"product_tag-metal","10":"first","11":"instock","12":"shipping-taxable","13":"product-type-simple"},"_links":{"self":[{"href":"https:\/\/handbag-accessories.com\/fr\/wp-json\/wp\/v2\/product\/2159","targetHints":{"allow":["GET"]}}],"collection":[{"href":"https:\/\/handbag-accessories.com\/fr\/wp-json\/wp\/v2\/product"}],"about":[{"href":"https:\/\/handbag-accessories.com\/fr\/wp-json\/wp\/v2\/types\/product"}],"replies":[{"embeddable":true,"href":"https:\/\/handbag-accessories.com\/fr\/wp-json\/wp\/v2\/comments?post=2159"}],"wp:featuredmedia":[{"embeddable":true,"href":"https:\/\/handbag-accessories.com\/fr\/wp-json\/wp\/v2\/media\/2160"}],"wp:attachment":[{"href":"https:\/\/handbag-accessories.com\/fr\/wp-json\/wp\/v2\/media?parent=2159"}],"wp:term":[{"taxonomy":"product_brand","embeddable":true,"href":"https:\/\/handbag-accessories.com\/fr\/wp-json\/wp\/v2\/product_brand?post=2159"},{"taxonomy":"product_cat","embeddable":true,"href":"https:\/\/handbag-accessories.com\/fr\/wp-json\/wp\/v2\/product_cat?post=2159"},{"taxonomy":"product_tag","embeddable":true,"href":"https:\/\/handbag-accessories.com\/fr\/wp-json\/wp\/v2\/product_tag?post=2159"}],"curies":[{"name":"wp","href":"https:\/\/api.w.org\/{rel}","templated":true}]}}