{"id":2738,"date":"2023-05-17T14:07:31","date_gmt":"2023-05-17T06:07:31","guid":{"rendered":"https:\/\/handbag-accessories.com\/?post_type=product&#038;p=2738"},"modified":"2023-05-17T14:09:38","modified_gmt":"2023-05-17T06:09:38","slug":"square-magnetic-button-custom-brand-logo","status":"publish","type":"product","link":"https:\/\/handbag-accessories.com\/fr\/produit\/square-magnetic-button-custom-brand-logo\/","title":{"rendered":"Bouton magn\u00e9tique carr\u00e9 avec logo de marque personnalis\u00e9"},"content":{"rendered":"","protected":false},"excerpt":{"rendered":"<p data-spm-anchor-id=\"a2700.details.0.i13.7aa14700qyV5kB\">Bouton magn\u00e9tique carr\u00e9 disponible OEM Logo de marque personnalis\u00e9 Bouton magn\u00e9tique pour sac \u00e0 main<\/p>","protected":false},"featured_media":2742,"comment_status":"open","ping_status":"closed","template":"","meta":{"_seopress_robots_primary_cat":"none","_seopress_titles_title":"%%post_title%% %%sitetitle%% %%sep%%","_seopress_titles_desc":"%%post_excerpt%%","_seopress_robots_index":""},"product_brand":[],"product_cat":[50],"product_tag":[140,137],"class_list":{"0":"post-2738","1":"product","2":"type-product","3":"status-publish","4":"has-post-thumbnail","6":"product_cat-magnetic-button","7":"product_tag-magnetic-button","8":"product_tag-metal","10":"first","11":"instock","12":"shipping-taxable","13":"product-type-simple"},"_links":{"self":[{"href":"https:\/\/handbag-accessories.com\/fr\/wp-json\/wp\/v2\/product\/2738","targetHints":{"allow":["GET"]}}],"collection":[{"href":"https:\/\/handbag-accessories.com\/fr\/wp-json\/wp\/v2\/product"}],"about":[{"href":"https:\/\/handbag-accessories.com\/fr\/wp-json\/wp\/v2\/types\/product"}],"replies":[{"embeddable":true,"href":"https:\/\/handbag-accessories.com\/fr\/wp-json\/wp\/v2\/comments?post=2738"}],"wp:featuredmedia":[{"embeddable":true,"href":"https:\/\/handbag-accessories.com\/fr\/wp-json\/wp\/v2\/media\/2742"}],"wp:attachment":[{"href":"https:\/\/handbag-accessories.com\/fr\/wp-json\/wp\/v2\/media?parent=2738"}],"wp:term":[{"taxonomy":"product_brand","embeddable":true,"href":"https:\/\/handbag-accessories.com\/fr\/wp-json\/wp\/v2\/product_brand?post=2738"},{"taxonomy":"product_cat","embeddable":true,"href":"https:\/\/handbag-accessories.com\/fr\/wp-json\/wp\/v2\/product_cat?post=2738"},{"taxonomy":"product_tag","embeddable":true,"href":"https:\/\/handbag-accessories.com\/fr\/wp-json\/wp\/v2\/product_tag?post=2738"}],"curies":[{"name":"wp","href":"https:\/\/api.w.org\/{rel}","templated":true}]}}