{"id":2814,"date":"2023-08-04T16:44:16","date_gmt":"2023-08-04T08:44:16","guid":{"rendered":"https:\/\/handbag-accessories.com\/?post_type=product&#038;p=2814"},"modified":"2023-08-04T16:44:22","modified_gmt":"2023-08-04T08:44:22","slug":"rubber-luggage-tag","status":"publish","type":"product","link":"https:\/\/handbag-accessories.com\/fr\/produit\/rubber-luggage-tag\/","title":{"rendered":"\u00c9tiquette de bagage en caoutchouc"},"content":{"rendered":"","protected":false},"excerpt":{"rendered":"<p>\u00c9tiquette de bagage personnalis\u00e9e Personnalisez l&#039;\u00e9tiquette de bagage en caoutchouc de voyage<\/p>","protected":false},"featured_media":2859,"comment_status":"open","ping_status":"closed","template":"","meta":{"_seopress_robots_primary_cat":"","_seopress_titles_title":"","_seopress_titles_desc":"","_seopress_robots_index":""},"product_brand":[],"product_cat":[175],"product_tag":[53,71],"class_list":{"0":"post-2814","1":"product","2":"type-product","3":"status-publish","4":"has-post-thumbnail","6":"product_cat-rubber-suitcase-tag","7":"product_tag-pvc","8":"product_tag-tag","10":"first","11":"instock","12":"shipping-taxable","13":"product-type-simple"},"_links":{"self":[{"href":"https:\/\/handbag-accessories.com\/fr\/wp-json\/wp\/v2\/product\/2814","targetHints":{"allow":["GET"]}}],"collection":[{"href":"https:\/\/handbag-accessories.com\/fr\/wp-json\/wp\/v2\/product"}],"about":[{"href":"https:\/\/handbag-accessories.com\/fr\/wp-json\/wp\/v2\/types\/product"}],"replies":[{"embeddable":true,"href":"https:\/\/handbag-accessories.com\/fr\/wp-json\/wp\/v2\/comments?post=2814"}],"wp:featuredmedia":[{"embeddable":true,"href":"https:\/\/handbag-accessories.com\/fr\/wp-json\/wp\/v2\/media\/2859"}],"wp:attachment":[{"href":"https:\/\/handbag-accessories.com\/fr\/wp-json\/wp\/v2\/media?parent=2814"}],"wp:term":[{"taxonomy":"product_brand","embeddable":true,"href":"https:\/\/handbag-accessories.com\/fr\/wp-json\/wp\/v2\/product_brand?post=2814"},{"taxonomy":"product_cat","embeddable":true,"href":"https:\/\/handbag-accessories.com\/fr\/wp-json\/wp\/v2\/product_cat?post=2814"},{"taxonomy":"product_tag","embeddable":true,"href":"https:\/\/handbag-accessories.com\/fr\/wp-json\/wp\/v2\/product_tag?post=2814"}],"curies":[{"name":"wp","href":"https:\/\/api.w.org\/{rel}","templated":true}]}}