{"id":2824,"date":"2023-08-04T16:44:17","date_gmt":"2023-08-04T08:44:17","guid":{"rendered":"https:\/\/handbag-accessories.com\/?post_type=product&#038;p=2824"},"modified":"2023-08-04T16:44:36","modified_gmt":"2023-08-04T08:44:36","slug":"clothing-tpu-rubber-label","status":"publish","type":"product","link":"https:\/\/handbag-accessories.com\/fr\/produit\/clothing-tpu-rubber-label\/","title":{"rendered":"\u00c9tiquette en caoutchouc TPU pour v\u00eatements"},"content":{"rendered":"","protected":false},"excerpt":{"rendered":"<p>\u00c9tiquette de bagage de v\u00eatements d&#039;estampage par transfert de silicone TPU, marque de tension d&#039;impression s\u00e9rigraphique tridimensionnelle.<\/p>","protected":false},"featured_media":2902,"comment_status":"open","ping_status":"closed","template":"","meta":{"_seopress_robots_primary_cat":"","_seopress_titles_title":"","_seopress_titles_desc":"","_seopress_robots_index":""},"product_brand":[],"product_cat":[174],"product_tag":[67,31],"class_list":{"0":"post-2824","1":"product","2":"type-product","3":"status-publish","4":"has-post-thumbnail","6":"product_cat-tpu-label","7":"product_tag-heat-transfer","8":"product_tag-tpu","10":"first","11":"instock","12":"shipping-taxable","13":"product-type-simple"},"_links":{"self":[{"href":"https:\/\/handbag-accessories.com\/fr\/wp-json\/wp\/v2\/product\/2824","targetHints":{"allow":["GET"]}}],"collection":[{"href":"https:\/\/handbag-accessories.com\/fr\/wp-json\/wp\/v2\/product"}],"about":[{"href":"https:\/\/handbag-accessories.com\/fr\/wp-json\/wp\/v2\/types\/product"}],"replies":[{"embeddable":true,"href":"https:\/\/handbag-accessories.com\/fr\/wp-json\/wp\/v2\/comments?post=2824"}],"wp:featuredmedia":[{"embeddable":true,"href":"https:\/\/handbag-accessories.com\/fr\/wp-json\/wp\/v2\/media\/2902"}],"wp:attachment":[{"href":"https:\/\/handbag-accessories.com\/fr\/wp-json\/wp\/v2\/media?parent=2824"}],"wp:term":[{"taxonomy":"product_brand","embeddable":true,"href":"https:\/\/handbag-accessories.com\/fr\/wp-json\/wp\/v2\/product_brand?post=2824"},{"taxonomy":"product_cat","embeddable":true,"href":"https:\/\/handbag-accessories.com\/fr\/wp-json\/wp\/v2\/product_cat?post=2824"},{"taxonomy":"product_tag","embeddable":true,"href":"https:\/\/handbag-accessories.com\/fr\/wp-json\/wp\/v2\/product_tag?post=2824"}],"curies":[{"name":"wp","href":"https:\/\/api.w.org\/{rel}","templated":true}]}}