{"id":3863,"date":"2023-10-18T16:43:32","date_gmt":"2023-10-18T08:43:32","guid":{"rendered":"https:\/\/handbag-accessories.com\/?post_type=product&#038;p=3863"},"modified":"2025-04-11T16:26:07","modified_gmt":"2025-04-11T08:26:07","slug":"bamboo-bag-handle","status":"publish","type":"product","link":"https:\/\/handbag-accessories.com\/fr\/produit\/bamboo-bag-handle\/","title":{"rendered":"anse de sac en bambou"},"content":{"rendered":"","protected":false},"excerpt":{"rendered":"<p data-spm-anchor-id=\"a2700.details.0.i13.7c486cd6VpPK5R\">Poign\u00e9es de sac en bois \u00e0 la mode Poign\u00e9e de sac en rotin v\u00e9ritable naturel et bambou pour sac \u00e0 main<\/p>","protected":false},"featured_media":3864,"comment_status":"open","ping_status":"closed","template":"","meta":{"_seopress_robots_primary_cat":"none","_seopress_titles_title":"%%post_title%% %%sitetitle%% %%sep%%","_seopress_titles_desc":"%%post_excerpt%%","_seopress_robots_index":""},"product_brand":[],"product_cat":[91],"product_tag":[193],"class_list":{"0":"post-3863","1":"product","2":"type-product","3":"status-publish","4":"has-post-thumbnail","6":"product_cat-handbag-handle","7":"product_tag-bamboo","9":"first","10":"instock","11":"shipping-taxable","12":"product-type-simple"},"_links":{"self":[{"href":"https:\/\/handbag-accessories.com\/fr\/wp-json\/wp\/v2\/product\/3863","targetHints":{"allow":["GET"]}}],"collection":[{"href":"https:\/\/handbag-accessories.com\/fr\/wp-json\/wp\/v2\/product"}],"about":[{"href":"https:\/\/handbag-accessories.com\/fr\/wp-json\/wp\/v2\/types\/product"}],"replies":[{"embeddable":true,"href":"https:\/\/handbag-accessories.com\/fr\/wp-json\/wp\/v2\/comments?post=3863"}],"wp:featuredmedia":[{"embeddable":true,"href":"https:\/\/handbag-accessories.com\/fr\/wp-json\/wp\/v2\/media\/3864"}],"wp:attachment":[{"href":"https:\/\/handbag-accessories.com\/fr\/wp-json\/wp\/v2\/media?parent=3863"}],"wp:term":[{"taxonomy":"product_brand","embeddable":true,"href":"https:\/\/handbag-accessories.com\/fr\/wp-json\/wp\/v2\/product_brand?post=3863"},{"taxonomy":"product_cat","embeddable":true,"href":"https:\/\/handbag-accessories.com\/fr\/wp-json\/wp\/v2\/product_cat?post=3863"},{"taxonomy":"product_tag","embeddable":true,"href":"https:\/\/handbag-accessories.com\/fr\/wp-json\/wp\/v2\/product_tag?post=3863"}],"curies":[{"name":"wp","href":"https:\/\/api.w.org\/{rel}","templated":true}]}}