{"id":4497,"date":"2024-10-16T14:12:23","date_gmt":"2024-10-16T06:12:23","guid":{"rendered":"https:\/\/handbag-accessories.com\/?post_type=product&#038;p=4497"},"modified":"2024-10-16T14:12:23","modified_gmt":"2024-10-16T06:12:23","slug":"solid-brass-swivel-snap-hook","status":"publish","type":"product","link":"https:\/\/handbag-accessories.com\/fr\/produit\/solid-brass-swivel-snap-hook\/","title":{"rendered":"Mousqueton pivotant en laiton massif"},"content":{"rendered":"<p title=\"Mousqueton pivotant en laiton massif de haute qualit\u00e9 pour collier de chien, mat\u00e9riel m\u00e9tallique, mousqueton \u00e0 ressort pour accessoires pour animaux de compagnie\" data-spm-anchor-id=\"a2700.details.0.i39.1a872b41Sl7UmJ\">Mousqueton pivotant en laiton massif de haute qualit\u00e9 pour collier de chien, mat\u00e9riel m\u00e9tallique, mousqueton \u00e0 ressort pour accessoires pour animaux de compagnie<\/p>\n<div id=\"gtx-trans\" style=\"position: absolute; left: 301px; top: 48px;\">\n<div class=\"gtx-trans-icon\"><\/div>\n<\/div>","protected":false},"excerpt":{"rendered":"<p>Mousqueton pivotant en laiton massif de haute qualit\u00e9 pour collier de chien, mat\u00e9riel m\u00e9tallique, mousqueton \u00e0 ressort pour accessoires pour animaux de compagnie<\/p>","protected":false},"featured_media":4500,"comment_status":"open","ping_status":"closed","template":"","meta":{"_seopress_robots_primary_cat":"","_seopress_titles_title":"%%post_title%% %%sitetitle%% %%sep%%","_seopress_titles_desc":"%%post_excerpt%%","_seopress_robots_index":""},"product_brand":[],"product_cat":[188,40],"product_tag":[],"class_list":{"0":"post-4497","1":"product","2":"type-product","3":"status-publish","4":"has-post-thumbnail","6":"product_cat-brass-snap-hook","7":"product_cat-snap-hook","9":"first","10":"instock","11":"shipping-taxable","12":"product-type-simple"},"_links":{"self":[{"href":"https:\/\/handbag-accessories.com\/fr\/wp-json\/wp\/v2\/product\/4497","targetHints":{"allow":["GET"]}}],"collection":[{"href":"https:\/\/handbag-accessories.com\/fr\/wp-json\/wp\/v2\/product"}],"about":[{"href":"https:\/\/handbag-accessories.com\/fr\/wp-json\/wp\/v2\/types\/product"}],"replies":[{"embeddable":true,"href":"https:\/\/handbag-accessories.com\/fr\/wp-json\/wp\/v2\/comments?post=4497"}],"wp:featuredmedia":[{"embeddable":true,"href":"https:\/\/handbag-accessories.com\/fr\/wp-json\/wp\/v2\/media\/4500"}],"wp:attachment":[{"href":"https:\/\/handbag-accessories.com\/fr\/wp-json\/wp\/v2\/media?parent=4497"}],"wp:term":[{"taxonomy":"product_brand","embeddable":true,"href":"https:\/\/handbag-accessories.com\/fr\/wp-json\/wp\/v2\/product_brand?post=4497"},{"taxonomy":"product_cat","embeddable":true,"href":"https:\/\/handbag-accessories.com\/fr\/wp-json\/wp\/v2\/product_cat?post=4497"},{"taxonomy":"product_tag","embeddable":true,"href":"https:\/\/handbag-accessories.com\/fr\/wp-json\/wp\/v2\/product_tag?post=4497"}],"curies":[{"name":"wp","href":"https:\/\/api.w.org\/{rel}","templated":true}]}}