{"id":4536,"date":"2024-10-16T14:44:35","date_gmt":"2024-10-16T06:44:35","guid":{"rendered":"https:\/\/handbag-accessories.com\/?post_type=product&#038;p=4536"},"modified":"2024-10-16T14:47:37","modified_gmt":"2024-10-16T06:47:37","slug":"iron-snap-hook","status":"publish","type":"product","link":"https:\/\/handbag-accessories.com\/fr\/produit\/iron-snap-hook\/","title":{"rendered":"Mousqueton en fer"},"content":{"rendered":"<p title=\"Accessoires de sac \u00e0 main en flocons de mangan\u00e8se \u00e0 ressort, mousqueton en fer, bandouli\u00e8re, mousqueton pivotant pour sac \u00e0 main en cuir\" data-spm-anchor-id=\"a2700.details.0.i0.6c77faa0lo6Lx6\">Accessoires de sac \u00e0 main en flocons de mangan\u00e8se \u00e0 ressort, mousqueton en fer, bandouli\u00e8re, mousqueton pivotant pour sac \u00e0 main en cuir<\/p>","protected":false},"excerpt":{"rendered":"<p title=\"Accessoires de sac \u00e0 main en flocons de mangan\u00e8se \u00e0 ressort, mousqueton en fer, bandouli\u00e8re, mousqueton pivotant pour sac \u00e0 main en cuir\" data-spm-anchor-id=\"a2700.details.0.i0.6c77faa0lo6Lx6\">Accessoires de sac \u00e0 main en flocons de mangan\u00e8se \u00e0 ressort, mousqueton en fer, bandouli\u00e8re, mousqueton pivotant pour sac \u00e0 main en cuir<\/p>","protected":false},"featured_media":4537,"comment_status":"open","ping_status":"closed","template":"","meta":{"_seopress_robots_primary_cat":"none","_seopress_titles_title":"%%post_title%% %%sitetitle%% %%sep%%","_seopress_titles_desc":"%%post_excerpt%%","_seopress_robots_index":""},"product_brand":[],"product_cat":[190,40],"product_tag":[137,107],"class_list":{"0":"post-4536","1":"product","2":"type-product","3":"status-publish","4":"has-post-thumbnail","6":"product_cat-iron-snap-hook","7":"product_cat-snap-hook","8":"product_tag-metal","9":"product_tag-snap-hook","11":"first","12":"instock","13":"shipping-taxable","14":"product-type-simple"},"_links":{"self":[{"href":"https:\/\/handbag-accessories.com\/fr\/wp-json\/wp\/v2\/product\/4536","targetHints":{"allow":["GET"]}}],"collection":[{"href":"https:\/\/handbag-accessories.com\/fr\/wp-json\/wp\/v2\/product"}],"about":[{"href":"https:\/\/handbag-accessories.com\/fr\/wp-json\/wp\/v2\/types\/product"}],"replies":[{"embeddable":true,"href":"https:\/\/handbag-accessories.com\/fr\/wp-json\/wp\/v2\/comments?post=4536"}],"wp:featuredmedia":[{"embeddable":true,"href":"https:\/\/handbag-accessories.com\/fr\/wp-json\/wp\/v2\/media\/4537"}],"wp:attachment":[{"href":"https:\/\/handbag-accessories.com\/fr\/wp-json\/wp\/v2\/media?parent=4536"}],"wp:term":[{"taxonomy":"product_brand","embeddable":true,"href":"https:\/\/handbag-accessories.com\/fr\/wp-json\/wp\/v2\/product_brand?post=4536"},{"taxonomy":"product_cat","embeddable":true,"href":"https:\/\/handbag-accessories.com\/fr\/wp-json\/wp\/v2\/product_cat?post=4536"},{"taxonomy":"product_tag","embeddable":true,"href":"https:\/\/handbag-accessories.com\/fr\/wp-json\/wp\/v2\/product_tag?post=4536"}],"curies":[{"name":"wp","href":"https:\/\/api.w.org\/{rel}","templated":true}]}}