{"id":4551,"date":"2024-10-16T14:55:18","date_gmt":"2024-10-16T06:55:18","guid":{"rendered":"https:\/\/handbag-accessories.com\/?post_type=product&#038;p=4551"},"modified":"2024-10-16T14:57:33","modified_gmt":"2024-10-16T06:57:33","slug":"heavy-duty-snap-hook","status":"publish","type":"product","link":"https:\/\/handbag-accessories.com\/fr\/produit\/heavy-duty-snap-hook\/","title":{"rendered":"Mousqueton robuste"},"content":{"rendered":"<p title=\"Mousqueton en m\u00e9tal robuste avec \u0153illet pivotant pour sangle de sac en cuir\" data-spm-anchor-id=\"a2700.details.0.i24.5ad35f33VwNPfY\">Mousqueton en m\u00e9tal robuste avec \u0153illet pivotant pour sangle de sac en cuir<\/p>","protected":false},"excerpt":{"rendered":"<p title=\"Mousqueton \u00e0 d\u00e9gagement rapide de bonne qualit\u00e9, crochet pivotant en demi-cercle pour sac \u00e0 main\" data-spm-anchor-id=\"a2700.details.0.i37.4a7d18f5llOJxH\">Mousqueton en m\u00e9tal robuste avec \u0153illet pivotant pour sangle de sac en cuir<\/p>","protected":false},"featured_media":4552,"comment_status":"open","ping_status":"closed","template":"","meta":{"_seopress_robots_primary_cat":"none","_seopress_titles_title":"%%post_title%% %%sitetitle%% %%sep%%","_seopress_titles_desc":"%%post_excerpt%%","_seopress_robots_index":""},"product_brand":[],"product_cat":[189,40],"product_tag":[137,107],"class_list":{"0":"post-4551","1":"product","2":"type-product","3":"status-publish","4":"has-post-thumbnail","6":"product_cat-zinc-alloy-snap-hook","7":"product_cat-snap-hook","8":"product_tag-metal","9":"product_tag-snap-hook","11":"first","12":"instock","13":"shipping-taxable","14":"product-type-simple"},"_links":{"self":[{"href":"https:\/\/handbag-accessories.com\/fr\/wp-json\/wp\/v2\/product\/4551","targetHints":{"allow":["GET"]}}],"collection":[{"href":"https:\/\/handbag-accessories.com\/fr\/wp-json\/wp\/v2\/product"}],"about":[{"href":"https:\/\/handbag-accessories.com\/fr\/wp-json\/wp\/v2\/types\/product"}],"replies":[{"embeddable":true,"href":"https:\/\/handbag-accessories.com\/fr\/wp-json\/wp\/v2\/comments?post=4551"}],"wp:featuredmedia":[{"embeddable":true,"href":"https:\/\/handbag-accessories.com\/fr\/wp-json\/wp\/v2\/media\/4552"}],"wp:attachment":[{"href":"https:\/\/handbag-accessories.com\/fr\/wp-json\/wp\/v2\/media?parent=4551"}],"wp:term":[{"taxonomy":"product_brand","embeddable":true,"href":"https:\/\/handbag-accessories.com\/fr\/wp-json\/wp\/v2\/product_brand?post=4551"},{"taxonomy":"product_cat","embeddable":true,"href":"https:\/\/handbag-accessories.com\/fr\/wp-json\/wp\/v2\/product_cat?post=4551"},{"taxonomy":"product_tag","embeddable":true,"href":"https:\/\/handbag-accessories.com\/fr\/wp-json\/wp\/v2\/product_tag?post=4551"}],"curies":[{"name":"wp","href":"https:\/\/api.w.org\/{rel}","templated":true}]}}