{"id":4554,"date":"2024-10-16T14:59:37","date_gmt":"2024-10-16T06:59:37","guid":{"rendered":"https:\/\/handbag-accessories.com\/?post_type=product&#038;p=4554"},"modified":"2024-10-16T15:02:37","modified_gmt":"2024-10-16T07:02:37","slug":"zinc-alloy-snap-hook","status":"publish","type":"product","link":"https:\/\/handbag-accessories.com\/fr\/produit\/zinc-alloy-snap-hook\/","title":{"rendered":"Mousqueton en alliage de zinc"},"content":{"rendered":"<p title=\"Mousqueton en m\u00e9tal de couleur personnalis\u00e9e Mousqueton pivotant en m\u00e9tal durable Mousqueton en alliage de zinc pour sac \u00e0 main\" data-spm-anchor-id=\"a2700.details.0.i21.5a5654707NvjLU\">Mousqueton en m\u00e9tal de couleur personnalis\u00e9e Mousqueton pivotant en m\u00e9tal durable Mousqueton en alliage de zinc pour sac \u00e0 main<\/p>","protected":false},"excerpt":{"rendered":"<p title=\"Mousqueton en m\u00e9tal de couleur personnalis\u00e9e Mousqueton pivotant en m\u00e9tal durable Mousqueton en alliage de zinc pour sac \u00e0 main\" data-spm-anchor-id=\"a2700.details.0.i21.5a5654707NvjLU\">Mousqueton en m\u00e9tal de couleur personnalis\u00e9e Mousqueton pivotant en m\u00e9tal durable Mousqueton en alliage de zinc pour sac \u00e0 main<\/p>","protected":false},"featured_media":4555,"comment_status":"open","ping_status":"closed","template":"","meta":{"_seopress_robots_primary_cat":"none","_seopress_titles_title":"%%post_title%% %%sitetitle%% %%sep%%","_seopress_titles_desc":"%%post_excerpt%%","_seopress_robots_index":""},"product_brand":[],"product_cat":[40,189],"product_tag":[137,107],"class_list":{"0":"post-4554","1":"product","2":"type-product","3":"status-publish","4":"has-post-thumbnail","6":"product_cat-snap-hook","7":"product_cat-zinc-alloy-snap-hook","8":"product_tag-metal","9":"product_tag-snap-hook","11":"first","12":"instock","13":"shipping-taxable","14":"product-type-simple"},"_links":{"self":[{"href":"https:\/\/handbag-accessories.com\/fr\/wp-json\/wp\/v2\/product\/4554","targetHints":{"allow":["GET"]}}],"collection":[{"href":"https:\/\/handbag-accessories.com\/fr\/wp-json\/wp\/v2\/product"}],"about":[{"href":"https:\/\/handbag-accessories.com\/fr\/wp-json\/wp\/v2\/types\/product"}],"replies":[{"embeddable":true,"href":"https:\/\/handbag-accessories.com\/fr\/wp-json\/wp\/v2\/comments?post=4554"}],"wp:featuredmedia":[{"embeddable":true,"href":"https:\/\/handbag-accessories.com\/fr\/wp-json\/wp\/v2\/media\/4555"}],"wp:attachment":[{"href":"https:\/\/handbag-accessories.com\/fr\/wp-json\/wp\/v2\/media?parent=4554"}],"wp:term":[{"taxonomy":"product_brand","embeddable":true,"href":"https:\/\/handbag-accessories.com\/fr\/wp-json\/wp\/v2\/product_brand?post=4554"},{"taxonomy":"product_cat","embeddable":true,"href":"https:\/\/handbag-accessories.com\/fr\/wp-json\/wp\/v2\/product_cat?post=4554"},{"taxonomy":"product_tag","embeddable":true,"href":"https:\/\/handbag-accessories.com\/fr\/wp-json\/wp\/v2\/product_tag?post=4554"}],"curies":[{"name":"wp","href":"https:\/\/api.w.org\/{rel}","templated":true}]}}