{"id":4668,"date":"2024-12-02T14:49:31","date_gmt":"2024-12-02T06:49:31","guid":{"rendered":"https:\/\/handbag-accessories.com\/?post_type=product&#038;p=4668"},"modified":"2024-12-02T14:53:22","modified_gmt":"2024-12-02T06:53:22","slug":"printing-logo-metal-label","status":"publish","type":"product","link":"https:\/\/handbag-accessories.com\/fr\/produit\/printing-logo-metal-label\/","title":{"rendered":"Impression d&#039;\u00e9tiquettes m\u00e9talliques avec logo"},"content":{"rendered":"<h2>Am\u00e9liorez votre image de marque<\/h2>\n<p>Les \u00e9tiquettes m\u00e9talliques personnalis\u00e9es avec votre nom de marque apportent une touche unique \u00e0 votre ligne de v\u00eatements. Ces \u00e9tiquettes de haute qualit\u00e9 sont con\u00e7ues pour mettre en valeur votre logo de mani\u00e8re \u00e9l\u00e9gante, garantissant ainsi que vos v\u00eatements se d\u00e9marquent sur un march\u00e9 concurrentiel.<\/p>\n<h2>Durable et \u00e9l\u00e9gant<\/h2>\n<p>Fabriqu\u00e9es \u00e0 partir de mat\u00e9riaux robustes, ces \u00e9tiquettes m\u00e9talliques \u00e0 coudre sont non seulement \u00e9l\u00e9gantes mais \u00e9galement durables. Elles r\u00e9sistent \u00e0 l&#039;usure et au transport, ce qui les rend parfaites pour les collections de vente au d\u00e9tail et de marques priv\u00e9es.<\/p>\n<h2>Applications polyvalentes<\/h2>\n<p>Que vous conceviez des v\u00eatements ou des accessoires, nos \u00e9tiquettes grav\u00e9es sur mesure r\u00e9pondent \u00e0 divers besoins de couture. Am\u00e9liorez votre image de marque avec nos \u00e9tiquettes m\u00e9talliques personnalis\u00e9es con\u00e7ues sp\u00e9cifiquement pour les v\u00eatements et les accessoires.<\/p>","protected":false},"excerpt":{"rendered":"<p title=\"\u00c9tiquette m\u00e9tallique de marque grav\u00e9e personnalis\u00e9e, conception de logo, impression de marque priv\u00e9e, \u00e9tiquettes m\u00e9talliques \u00e0 coudre pour v\u00eatements\" data-spm-anchor-id=\"a2700.details.0.i60.4b792342kCxS9v\">\u00c9tiquette m\u00e9tallique de marque grav\u00e9e personnalis\u00e9e, conception de logo, impression de marque priv\u00e9e, \u00e9tiquettes m\u00e9talliques \u00e0 coudre pour v\u00eatements<\/p>","protected":false},"featured_media":4670,"comment_status":"open","ping_status":"closed","template":"","meta":{"_seopress_robots_primary_cat":"none","_seopress_titles_title":"%%post_title%% %%sitetitle%% %%sep%%","_seopress_titles_desc":"%%post_excerpt%%","_seopress_robots_index":""},"product_brand":[],"product_cat":[69,101],"product_tag":[100],"class_list":{"0":"post-4668","1":"product","2":"type-product","3":"status-publish","4":"has-post-thumbnail","6":"product_cat-metal-label","7":"product_cat-zinc-alloy-label","8":"product_tag-metal-label","10":"first","11":"instock","12":"shipping-taxable","13":"product-type-simple"},"_links":{"self":[{"href":"https:\/\/handbag-accessories.com\/fr\/wp-json\/wp\/v2\/product\/4668","targetHints":{"allow":["GET"]}}],"collection":[{"href":"https:\/\/handbag-accessories.com\/fr\/wp-json\/wp\/v2\/product"}],"about":[{"href":"https:\/\/handbag-accessories.com\/fr\/wp-json\/wp\/v2\/types\/product"}],"replies":[{"embeddable":true,"href":"https:\/\/handbag-accessories.com\/fr\/wp-json\/wp\/v2\/comments?post=4668"}],"wp:featuredmedia":[{"embeddable":true,"href":"https:\/\/handbag-accessories.com\/fr\/wp-json\/wp\/v2\/media\/4670"}],"wp:attachment":[{"href":"https:\/\/handbag-accessories.com\/fr\/wp-json\/wp\/v2\/media?parent=4668"}],"wp:term":[{"taxonomy":"product_brand","embeddable":true,"href":"https:\/\/handbag-accessories.com\/fr\/wp-json\/wp\/v2\/product_brand?post=4668"},{"taxonomy":"product_cat","embeddable":true,"href":"https:\/\/handbag-accessories.com\/fr\/wp-json\/wp\/v2\/product_cat?post=4668"},{"taxonomy":"product_tag","embeddable":true,"href":"https:\/\/handbag-accessories.com\/fr\/wp-json\/wp\/v2\/product_tag?post=4668"}],"curies":[{"name":"wp","href":"https:\/\/api.w.org\/{rel}","templated":true}]}}