{"id":5045,"date":"2025-04-16T16:26:37","date_gmt":"2025-04-16T08:26:37","guid":{"rendered":"https:\/\/handbag-accessories.com\/?post_type=product&#038;p=5045"},"modified":"2025-04-16T16:27:55","modified_gmt":"2025-04-16T08:27:55","slug":"star-handbag-lock","status":"publish","type":"product","link":"https:\/\/handbag-accessories.com\/fr\/produit\/star-handbag-lock\/","title":{"rendered":"Cadenas \u00e0 sac \u00e0 main en forme d&#039;\u00e9toile"},"content":{"rendered":"","protected":false},"excerpt":{"rendered":"<p>Serrure \u00e0 mortaise \u00e0 pousser et \u00e0 tirer pour sac \u00e0 main en alliage de zinc personnalis\u00e9, accessoire<\/p>","protected":false},"featured_media":5048,"comment_status":"open","ping_status":"closed","template":"","meta":{"_seopress_robots_primary_cat":"none","_seopress_titles_title":"%%post_title%% %%sitetitle%% %%sep%%","_seopress_titles_desc":"%%post_excerpt%%","_seopress_robots_index":""},"product_brand":[],"product_cat":[88],"product_tag":[136,137],"class_list":{"0":"post-5045","1":"product","2":"type-product","3":"status-publish","4":"has-post-thumbnail","6":"product_cat-handbag-lock","7":"product_tag-handbag-lock","8":"product_tag-metal","10":"first","11":"instock","12":"shipping-taxable","13":"product-type-simple"},"_links":{"self":[{"href":"https:\/\/handbag-accessories.com\/fr\/wp-json\/wp\/v2\/product\/5045","targetHints":{"allow":["GET"]}}],"collection":[{"href":"https:\/\/handbag-accessories.com\/fr\/wp-json\/wp\/v2\/product"}],"about":[{"href":"https:\/\/handbag-accessories.com\/fr\/wp-json\/wp\/v2\/types\/product"}],"replies":[{"embeddable":true,"href":"https:\/\/handbag-accessories.com\/fr\/wp-json\/wp\/v2\/comments?post=5045"}],"wp:featuredmedia":[{"embeddable":true,"href":"https:\/\/handbag-accessories.com\/fr\/wp-json\/wp\/v2\/media\/5048"}],"wp:attachment":[{"href":"https:\/\/handbag-accessories.com\/fr\/wp-json\/wp\/v2\/media?parent=5045"}],"wp:term":[{"taxonomy":"product_brand","embeddable":true,"href":"https:\/\/handbag-accessories.com\/fr\/wp-json\/wp\/v2\/product_brand?post=5045"},{"taxonomy":"product_cat","embeddable":true,"href":"https:\/\/handbag-accessories.com\/fr\/wp-json\/wp\/v2\/product_cat?post=5045"},{"taxonomy":"product_tag","embeddable":true,"href":"https:\/\/handbag-accessories.com\/fr\/wp-json\/wp\/v2\/product_tag?post=5045"}],"curies":[{"name":"wp","href":"https:\/\/api.w.org\/{rel}","templated":true}]}}