{"id":2124,"date":"2022-07-18T14:48:38","date_gmt":"2022-07-18T06:48:38","guid":{"rendered":"http:\/\/handbag-accessories.com\/?post_type=product&#038;p=2124"},"modified":"2022-07-18T14:51:43","modified_gmt":"2022-07-18T06:51:43","slug":"curved-glossy-square-purse-frame","status":"publish","type":"product","link":"https:\/\/handbag-accessories.com\/pt\/produto\/curved-glossy-square-purse-frame\/","title":{"rendered":"Moldura de bolsa quadrada curva e brilhante"},"content":{"rendered":"","protected":false},"excerpt":{"rendered":"<p>Moldura de bolsa de ferro dupla com cabe\u00e7a quadrada lisa e curva de 20,5 cm, acess\u00f3rios para bolsas de m\u00e3o fa\u00e7a voc\u00ea mesmo.<\/p>","protected":false},"featured_media":2119,"comment_status":"open","ping_status":"closed","template":"","meta":{"_seopress_robots_primary_cat":"","_seopress_titles_title":"","_seopress_titles_desc":"","_seopress_robots_index":""},"product_brand":[],"product_cat":[90],"product_tag":[110],"class_list":{"0":"post-2124","1":"product","2":"type-product","3":"status-publish","4":"has-post-thumbnail","6":"product_cat-purse-frame","7":"product_tag-purse-frame","9":"first","10":"instock","11":"shipping-taxable","12":"product-type-simple"},"_links":{"self":[{"href":"https:\/\/handbag-accessories.com\/pt\/wp-json\/wp\/v2\/product\/2124","targetHints":{"allow":["GET"]}}],"collection":[{"href":"https:\/\/handbag-accessories.com\/pt\/wp-json\/wp\/v2\/product"}],"about":[{"href":"https:\/\/handbag-accessories.com\/pt\/wp-json\/wp\/v2\/types\/product"}],"replies":[{"embeddable":true,"href":"https:\/\/handbag-accessories.com\/pt\/wp-json\/wp\/v2\/comments?post=2124"}],"wp:featuredmedia":[{"embeddable":true,"href":"https:\/\/handbag-accessories.com\/pt\/wp-json\/wp\/v2\/media\/2119"}],"wp:attachment":[{"href":"https:\/\/handbag-accessories.com\/pt\/wp-json\/wp\/v2\/media?parent=2124"}],"wp:term":[{"taxonomy":"product_brand","embeddable":true,"href":"https:\/\/handbag-accessories.com\/pt\/wp-json\/wp\/v2\/product_brand?post=2124"},{"taxonomy":"product_cat","embeddable":true,"href":"https:\/\/handbag-accessories.com\/pt\/wp-json\/wp\/v2\/product_cat?post=2124"},{"taxonomy":"product_tag","embeddable":true,"href":"https:\/\/handbag-accessories.com\/pt\/wp-json\/wp\/v2\/product_tag?post=2124"}],"curies":[{"name":"wp","href":"https:\/\/api.w.org\/{rel}","templated":true}]}}