{"id":2146,"date":"2022-07-21T14:40:20","date_gmt":"2022-07-21T06:40:20","guid":{"rendered":"http:\/\/handbag-accessories.com\/?post_type=product&#038;p=2146"},"modified":"2022-07-21T14:50:58","modified_gmt":"2022-07-21T06:50:58","slug":"ancient-bronze-eyelet-button","status":"publish","type":"product","link":"https:\/\/handbag-accessories.com\/pt\/produto\/ancient-bronze-eyelet-button\/","title":{"rendered":"Bot\u00e3o de ilh\u00f3s de bronze antigo"},"content":{"rendered":"","protected":false},"excerpt":{"rendered":"<p>Bot\u00e3o de ilh\u00f3 Orif\u00edcio passante Bot\u00e3o de ilh\u00f3 Rebite oco de bronze antigo Acess\u00f3rios de ferragens para roupas e malas.<\/p>","protected":false},"featured_media":2147,"comment_status":"open","ping_status":"closed","template":"","meta":{"_seopress_robots_primary_cat":"","_seopress_titles_title":"","_seopress_titles_desc":"","_seopress_robots_index":""},"product_brand":[],"product_cat":[87],"product_tag":[125],"class_list":{"0":"post-2146","1":"product","2":"type-product","3":"status-publish","4":"has-post-thumbnail","6":"product_cat-eyelet","7":"product_tag-eyelet","9":"first","10":"instock","11":"shipping-taxable","12":"product-type-simple"},"_links":{"self":[{"href":"https:\/\/handbag-accessories.com\/pt\/wp-json\/wp\/v2\/product\/2146","targetHints":{"allow":["GET"]}}],"collection":[{"href":"https:\/\/handbag-accessories.com\/pt\/wp-json\/wp\/v2\/product"}],"about":[{"href":"https:\/\/handbag-accessories.com\/pt\/wp-json\/wp\/v2\/types\/product"}],"replies":[{"embeddable":true,"href":"https:\/\/handbag-accessories.com\/pt\/wp-json\/wp\/v2\/comments?post=2146"}],"wp:featuredmedia":[{"embeddable":true,"href":"https:\/\/handbag-accessories.com\/pt\/wp-json\/wp\/v2\/media\/2147"}],"wp:attachment":[{"href":"https:\/\/handbag-accessories.com\/pt\/wp-json\/wp\/v2\/media?parent=2146"}],"wp:term":[{"taxonomy":"product_brand","embeddable":true,"href":"https:\/\/handbag-accessories.com\/pt\/wp-json\/wp\/v2\/product_brand?post=2146"},{"taxonomy":"product_cat","embeddable":true,"href":"https:\/\/handbag-accessories.com\/pt\/wp-json\/wp\/v2\/product_cat?post=2146"},{"taxonomy":"product_tag","embeddable":true,"href":"https:\/\/handbag-accessories.com\/pt\/wp-json\/wp\/v2\/product_tag?post=2146"}],"curies":[{"name":"wp","href":"https:\/\/api.w.org\/{rel}","templated":true}]}}