{"id":2468,"date":"2022-09-03T14:16:22","date_gmt":"2022-09-03T06:16:22","guid":{"rendered":"http:\/\/handbag-accessories.com\/?post_type=product&#038;p=2468"},"modified":"2022-09-03T14:19:56","modified_gmt":"2022-09-03T06:19:56","slug":"new-style-high-quality-classic-antique-vintage-17mm-accessories-and-rivets-custom-logo-denim-metal-tack-jeans-button-for-jeans","status":"publish","type":"product","link":"https:\/\/handbag-accessories.com\/pt\/produto\/new-style-high-quality-classic-antique-vintage-17mm-accessories-and-rivets-custom-logo-denim-metal-tack-jeans-button-for-jeans\/","title":{"rendered":"Novo estilo de alta qualidade cl\u00e1ssico antigo vintage 17 mm acess\u00f3rios e rebites logotipo personalizado denim metal tack jeans bot\u00e3o para jeans"},"content":{"rendered":"","protected":false},"excerpt":{"rendered":"<p>Novo estilo de alta qualidade cl\u00e1ssico antigo vintage 17 mm acess\u00f3rios e rebites logotipo personalizado denim metal tack jeans bot\u00e3o para jeans<\/p>","protected":false},"featured_media":2469,"comment_status":"open","ping_status":"closed","template":"","meta":{"_seopress_robots_primary_cat":"","_seopress_titles_title":"","_seopress_titles_desc":"","_seopress_robots_index":""},"product_brand":[],"product_cat":[167],"product_tag":[129],"class_list":{"0":"post-2468","1":"product","2":"type-product","3":"status-publish","4":"has-post-thumbnail","6":"product_cat-jeans-button","7":"product_tag-button","9":"first","10":"instock","11":"shipping-taxable","12":"product-type-simple"},"_links":{"self":[{"href":"https:\/\/handbag-accessories.com\/pt\/wp-json\/wp\/v2\/product\/2468","targetHints":{"allow":["GET"]}}],"collection":[{"href":"https:\/\/handbag-accessories.com\/pt\/wp-json\/wp\/v2\/product"}],"about":[{"href":"https:\/\/handbag-accessories.com\/pt\/wp-json\/wp\/v2\/types\/product"}],"replies":[{"embeddable":true,"href":"https:\/\/handbag-accessories.com\/pt\/wp-json\/wp\/v2\/comments?post=2468"}],"wp:featuredmedia":[{"embeddable":true,"href":"https:\/\/handbag-accessories.com\/pt\/wp-json\/wp\/v2\/media\/2469"}],"wp:attachment":[{"href":"https:\/\/handbag-accessories.com\/pt\/wp-json\/wp\/v2\/media?parent=2468"}],"wp:term":[{"taxonomy":"product_brand","embeddable":true,"href":"https:\/\/handbag-accessories.com\/pt\/wp-json\/wp\/v2\/product_brand?post=2468"},{"taxonomy":"product_cat","embeddable":true,"href":"https:\/\/handbag-accessories.com\/pt\/wp-json\/wp\/v2\/product_cat?post=2468"},{"taxonomy":"product_tag","embeddable":true,"href":"https:\/\/handbag-accessories.com\/pt\/wp-json\/wp\/v2\/product_tag?post=2468"}],"curies":[{"name":"wp","href":"https:\/\/api.w.org\/{rel}","templated":true}]}}