{"id":2473,"date":"2022-09-03T14:20:48","date_gmt":"2022-09-03T06:20:48","guid":{"rendered":"http:\/\/handbag-accessories.com\/?post_type=product&#038;p=2473"},"modified":"2022-09-03T14:21:55","modified_gmt":"2022-09-03T06:21:55","slug":"cheap-price-custom-made-logo-metal-jean-button-rivet-jeans-buttons-and-rivet","status":"publish","type":"product","link":"https:\/\/handbag-accessories.com\/pt\/produto\/cheap-price-custom-made-logo-metal-jean-button-rivet-jeans-buttons-and-rivet\/","title":{"rendered":"Pre\u00e7o barato feito sob encomenda logotipo metal jeans bot\u00e3o rebite, bot\u00f5es jeans e rebite"},"content":{"rendered":"","protected":false},"excerpt":{"rendered":"","protected":false},"featured_media":2474,"comment_status":"open","ping_status":"closed","template":"","meta":{"_seopress_robots_primary_cat":"","_seopress_titles_title":"","_seopress_titles_desc":"","_seopress_robots_index":""},"product_brand":[],"product_cat":[167],"product_tag":[129],"class_list":{"0":"post-2473","1":"product","2":"type-product","3":"status-publish","4":"has-post-thumbnail","6":"product_cat-jeans-button","7":"product_tag-button","9":"first","10":"instock","11":"shipping-taxable","12":"product-type-simple"},"_links":{"self":[{"href":"https:\/\/handbag-accessories.com\/pt\/wp-json\/wp\/v2\/product\/2473","targetHints":{"allow":["GET"]}}],"collection":[{"href":"https:\/\/handbag-accessories.com\/pt\/wp-json\/wp\/v2\/product"}],"about":[{"href":"https:\/\/handbag-accessories.com\/pt\/wp-json\/wp\/v2\/types\/product"}],"replies":[{"embeddable":true,"href":"https:\/\/handbag-accessories.com\/pt\/wp-json\/wp\/v2\/comments?post=2473"}],"wp:featuredmedia":[{"embeddable":true,"href":"https:\/\/handbag-accessories.com\/pt\/wp-json\/wp\/v2\/media\/2474"}],"wp:attachment":[{"href":"https:\/\/handbag-accessories.com\/pt\/wp-json\/wp\/v2\/media?parent=2473"}],"wp:term":[{"taxonomy":"product_brand","embeddable":true,"href":"https:\/\/handbag-accessories.com\/pt\/wp-json\/wp\/v2\/product_brand?post=2473"},{"taxonomy":"product_cat","embeddable":true,"href":"https:\/\/handbag-accessories.com\/pt\/wp-json\/wp\/v2\/product_cat?post=2473"},{"taxonomy":"product_tag","embeddable":true,"href":"https:\/\/handbag-accessories.com\/pt\/wp-json\/wp\/v2\/product_tag?post=2473"}],"curies":[{"name":"wp","href":"https:\/\/api.w.org\/{rel}","templated":true}]}}