{"id":2712,"date":"2023-05-17T13:27:38","date_gmt":"2023-05-17T05:27:38","guid":{"rendered":"https:\/\/handbag-accessories.com\/?post_type=product&#038;p=2712"},"modified":"2023-05-17T13:34:26","modified_gmt":"2023-05-17T05:34:26","slug":"18mm-eyelet-snap-button-magnet","status":"publish","type":"product","link":"https:\/\/handbag-accessories.com\/pt\/produto\/18mm-eyelet-snap-button-magnet\/","title":{"rendered":"Bot\u00e3o de press\u00e3o de ilh\u00f3s de 18 mm"},"content":{"rendered":"","protected":false},"excerpt":{"rendered":"<p data-spm-anchor-id=\"a2700.details.0.i20.57756c0a5kJqEV\">Novo design de bot\u00e3o de press\u00e3o de ilh\u00f3s, bot\u00f5es magn\u00e9ticos decorativos para livros<\/p>","protected":false},"featured_media":2716,"comment_status":"open","ping_status":"closed","template":"","meta":{"_seopress_robots_primary_cat":"none","_seopress_titles_title":"%%post_title%% %%sitetitle%% %%sep%%","_seopress_titles_desc":"%%post_excerpt%%","_seopress_robots_index":""},"product_brand":[],"product_cat":[50],"product_tag":[140,137],"class_list":{"0":"post-2712","1":"product","2":"type-product","3":"status-publish","4":"has-post-thumbnail","6":"product_cat-magnetic-button","7":"product_tag-magnetic-button","8":"product_tag-metal","10":"first","11":"instock","12":"shipping-taxable","13":"product-type-simple"},"_links":{"self":[{"href":"https:\/\/handbag-accessories.com\/pt\/wp-json\/wp\/v2\/product\/2712","targetHints":{"allow":["GET"]}}],"collection":[{"href":"https:\/\/handbag-accessories.com\/pt\/wp-json\/wp\/v2\/product"}],"about":[{"href":"https:\/\/handbag-accessories.com\/pt\/wp-json\/wp\/v2\/types\/product"}],"replies":[{"embeddable":true,"href":"https:\/\/handbag-accessories.com\/pt\/wp-json\/wp\/v2\/comments?post=2712"}],"wp:featuredmedia":[{"embeddable":true,"href":"https:\/\/handbag-accessories.com\/pt\/wp-json\/wp\/v2\/media\/2716"}],"wp:attachment":[{"href":"https:\/\/handbag-accessories.com\/pt\/wp-json\/wp\/v2\/media?parent=2712"}],"wp:term":[{"taxonomy":"product_brand","embeddable":true,"href":"https:\/\/handbag-accessories.com\/pt\/wp-json\/wp\/v2\/product_brand?post=2712"},{"taxonomy":"product_cat","embeddable":true,"href":"https:\/\/handbag-accessories.com\/pt\/wp-json\/wp\/v2\/product_cat?post=2712"},{"taxonomy":"product_tag","embeddable":true,"href":"https:\/\/handbag-accessories.com\/pt\/wp-json\/wp\/v2\/product_tag?post=2712"}],"curies":[{"name":"wp","href":"https:\/\/api.w.org\/{rel}","templated":true}]}}