{"id":2770,"date":"2023-05-17T17:35:08","date_gmt":"2023-05-17T09:35:08","guid":{"rendered":"https:\/\/handbag-accessories.com\/?post_type=product&#038;p=2770"},"modified":"2023-05-17T18:00:06","modified_gmt":"2023-05-17T10:00:06","slug":"plastic-tactical-belt-buckle","status":"publish","type":"product","link":"https:\/\/handbag-accessories.com\/pt\/produto\/plastic-tactical-belt-buckle\/","title":{"rendered":"Fivela de cinto t\u00e1tica de pl\u00e1stico"},"content":{"rendered":"","protected":false},"excerpt":{"rendered":"<p data-spm-anchor-id=\"a2700.details.0.i19.36a620fdyHhv0R\">Atacado Moda Acess\u00f3rios Pl\u00e1stico T\u00e1tico Fivela de Libera\u00e7\u00e3o R\u00e1pida Fivelas de Cinto<\/p>","protected":false},"featured_media":2771,"comment_status":"open","ping_status":"closed","template":"","meta":{"_seopress_robots_primary_cat":"none","_seopress_titles_title":"%%post_title%% %%sitetitle%% %%sep%%","_seopress_titles_desc":"%%post_excerpt%%","_seopress_robots_index":""},"product_brand":[],"product_cat":[89],"product_tag":[168],"class_list":{"0":"post-2770","1":"product","2":"type-product","3":"status-publish","4":"has-post-thumbnail","6":"product_cat-handbag-buckle","7":"product_tag-tactical-belt-buckle","9":"first","10":"instock","11":"shipping-taxable","12":"product-type-simple"},"_links":{"self":[{"href":"https:\/\/handbag-accessories.com\/pt\/wp-json\/wp\/v2\/product\/2770","targetHints":{"allow":["GET"]}}],"collection":[{"href":"https:\/\/handbag-accessories.com\/pt\/wp-json\/wp\/v2\/product"}],"about":[{"href":"https:\/\/handbag-accessories.com\/pt\/wp-json\/wp\/v2\/types\/product"}],"replies":[{"embeddable":true,"href":"https:\/\/handbag-accessories.com\/pt\/wp-json\/wp\/v2\/comments?post=2770"}],"wp:featuredmedia":[{"embeddable":true,"href":"https:\/\/handbag-accessories.com\/pt\/wp-json\/wp\/v2\/media\/2771"}],"wp:attachment":[{"href":"https:\/\/handbag-accessories.com\/pt\/wp-json\/wp\/v2\/media?parent=2770"}],"wp:term":[{"taxonomy":"product_brand","embeddable":true,"href":"https:\/\/handbag-accessories.com\/pt\/wp-json\/wp\/v2\/product_brand?post=2770"},{"taxonomy":"product_cat","embeddable":true,"href":"https:\/\/handbag-accessories.com\/pt\/wp-json\/wp\/v2\/product_cat?post=2770"},{"taxonomy":"product_tag","embeddable":true,"href":"https:\/\/handbag-accessories.com\/pt\/wp-json\/wp\/v2\/product_tag?post=2770"}],"curies":[{"name":"wp","href":"https:\/\/api.w.org\/{rel}","templated":true}]}}