{"id":2827,"date":"2023-08-04T16:44:17","date_gmt":"2023-08-04T08:44:17","guid":{"rendered":"https:\/\/handbag-accessories.com\/?post_type=product&#038;p=2827"},"modified":"2023-08-04T16:44:44","modified_gmt":"2023-08-04T08:44:44","slug":"headphone-cable-hole-rubber-label","status":"publish","type":"product","link":"https:\/\/handbag-accessories.com\/pt\/produto\/headphone-cable-hole-rubber-label\/","title":{"rendered":"Etiqueta de borracha para furo de cabo de fone de ouvido"},"content":{"rendered":"","protected":false},"excerpt":{"rendered":"<p>Etiqueta de borracha para furo de fone de ouvido redondo em cruz de pvc, marca\u00e7\u00e3o de furo de cabo de fone de ouvido multifuncional de prote\u00e7\u00e3o ambiental.<\/p>","protected":false},"featured_media":2935,"comment_status":"open","ping_status":"closed","template":"","meta":{"_seopress_robots_primary_cat":"","_seopress_titles_title":"","_seopress_titles_desc":"","_seopress_robots_index":""},"product_brand":[],"product_cat":[172],"product_tag":[177],"class_list":{"0":"post-2827","1":"product","2":"type-product","3":"status-publish","4":"has-post-thumbnail","6":"product_cat-rubber-label","7":"product_tag-rubber-tag","9":"first","10":"instock","11":"shipping-taxable","12":"product-type-simple"},"_links":{"self":[{"href":"https:\/\/handbag-accessories.com\/pt\/wp-json\/wp\/v2\/product\/2827","targetHints":{"allow":["GET"]}}],"collection":[{"href":"https:\/\/handbag-accessories.com\/pt\/wp-json\/wp\/v2\/product"}],"about":[{"href":"https:\/\/handbag-accessories.com\/pt\/wp-json\/wp\/v2\/types\/product"}],"replies":[{"embeddable":true,"href":"https:\/\/handbag-accessories.com\/pt\/wp-json\/wp\/v2\/comments?post=2827"}],"wp:featuredmedia":[{"embeddable":true,"href":"https:\/\/handbag-accessories.com\/pt\/wp-json\/wp\/v2\/media\/2935"}],"wp:attachment":[{"href":"https:\/\/handbag-accessories.com\/pt\/wp-json\/wp\/v2\/media?parent=2827"}],"wp:term":[{"taxonomy":"product_brand","embeddable":true,"href":"https:\/\/handbag-accessories.com\/pt\/wp-json\/wp\/v2\/product_brand?post=2827"},{"taxonomy":"product_cat","embeddable":true,"href":"https:\/\/handbag-accessories.com\/pt\/wp-json\/wp\/v2\/product_cat?post=2827"},{"taxonomy":"product_tag","embeddable":true,"href":"https:\/\/handbag-accessories.com\/pt\/wp-json\/wp\/v2\/product_tag?post=2827"}],"curies":[{"name":"wp","href":"https:\/\/api.w.org\/{rel}","templated":true}]}}