{"id":2830,"date":"2023-08-04T16:44:17","date_gmt":"2023-08-04T08:44:17","guid":{"rendered":"https:\/\/handbag-accessories.com\/?post_type=product&#038;p=2830"},"modified":"2023-08-04T16:44:48","modified_gmt":"2023-08-04T08:44:48","slug":"3d-stereo-silicone-heat-transfer-label","status":"publish","type":"product","link":"https:\/\/handbag-accessories.com\/pt\/produto\/3d-stereo-silicone-heat-transfer-label\/","title":{"rendered":"Etiqueta de transfer\u00eancia t\u00e9rmica de silicone est\u00e9reo 3D"},"content":{"rendered":"","protected":false},"excerpt":{"rendered":"<p>Etiquetas de transfer\u00eancia t\u00e9rmica de silicone 3D com logotipos personaliz\u00e1veis, estampagem a quente de roupas, bolsas, sapatos e chap\u00e9us.<\/p>","protected":false},"featured_media":2949,"comment_status":"open","ping_status":"closed","template":"","meta":{"_seopress_robots_primary_cat":"","_seopress_titles_title":"","_seopress_titles_desc":"","_seopress_robots_index":""},"product_brand":[],"product_cat":[176],"product_tag":[181],"class_list":{"0":"post-2830","1":"product","2":"type-product","3":"status-publish","4":"has-post-thumbnail","6":"product_cat-silicone-label","7":"product_tag-silicone-label","9":"first","10":"instock","11":"shipping-taxable","12":"product-type-simple"},"_links":{"self":[{"href":"https:\/\/handbag-accessories.com\/pt\/wp-json\/wp\/v2\/product\/2830","targetHints":{"allow":["GET"]}}],"collection":[{"href":"https:\/\/handbag-accessories.com\/pt\/wp-json\/wp\/v2\/product"}],"about":[{"href":"https:\/\/handbag-accessories.com\/pt\/wp-json\/wp\/v2\/types\/product"}],"replies":[{"embeddable":true,"href":"https:\/\/handbag-accessories.com\/pt\/wp-json\/wp\/v2\/comments?post=2830"}],"wp:featuredmedia":[{"embeddable":true,"href":"https:\/\/handbag-accessories.com\/pt\/wp-json\/wp\/v2\/media\/2949"}],"wp:attachment":[{"href":"https:\/\/handbag-accessories.com\/pt\/wp-json\/wp\/v2\/media?parent=2830"}],"wp:term":[{"taxonomy":"product_brand","embeddable":true,"href":"https:\/\/handbag-accessories.com\/pt\/wp-json\/wp\/v2\/product_brand?post=2830"},{"taxonomy":"product_cat","embeddable":true,"href":"https:\/\/handbag-accessories.com\/pt\/wp-json\/wp\/v2\/product_cat?post=2830"},{"taxonomy":"product_tag","embeddable":true,"href":"https:\/\/handbag-accessories.com\/pt\/wp-json\/wp\/v2\/product_tag?post=2830"}],"curies":[{"name":"wp","href":"https:\/\/api.w.org\/{rel}","templated":true}]}}