{"id":2919,"date":"2023-08-04T16:44:40","date_gmt":"2023-08-04T08:44:40","guid":{"rendered":"https:\/\/handbag-accessories.com\/?post_type=product&#038;p=2919"},"modified":"2023-08-04T16:45:11","modified_gmt":"2023-08-04T08:45:11","slug":"pvc-soft-plastic-label","status":"publish","type":"product","link":"https:\/\/handbag-accessories.com\/pt\/produto\/pvc-soft-plastic-label\/","title":{"rendered":"Etiqueta de pl\u00e1stico macio de PVC"},"content":{"rendered":"","protected":false},"excerpt":{"rendered":"<p>Etiqueta de pl\u00e1stico macio de PVC para roupas, bagagem, marca, logotipo, etiqueta, roupas, carimbo de pl\u00e1stico, gota de pl\u00e1stico<\/p>","protected":false},"featured_media":3048,"comment_status":"open","ping_status":"closed","template":"","meta":{"_seopress_robots_primary_cat":"","_seopress_titles_title":"","_seopress_titles_desc":"","_seopress_robots_index":""},"product_brand":[],"product_cat":[173,172],"product_tag":[183],"class_list":{"0":"post-2919","1":"product","2":"type-product","3":"status-publish","4":"has-post-thumbnail","6":"product_cat-pvc-label","7":"product_cat-rubber-label","8":"product_tag-pvc-label","10":"first","11":"instock","12":"shipping-taxable","13":"product-type-simple"},"_links":{"self":[{"href":"https:\/\/handbag-accessories.com\/pt\/wp-json\/wp\/v2\/product\/2919","targetHints":{"allow":["GET"]}}],"collection":[{"href":"https:\/\/handbag-accessories.com\/pt\/wp-json\/wp\/v2\/product"}],"about":[{"href":"https:\/\/handbag-accessories.com\/pt\/wp-json\/wp\/v2\/types\/product"}],"replies":[{"embeddable":true,"href":"https:\/\/handbag-accessories.com\/pt\/wp-json\/wp\/v2\/comments?post=2919"}],"wp:featuredmedia":[{"embeddable":true,"href":"https:\/\/handbag-accessories.com\/pt\/wp-json\/wp\/v2\/media\/3048"}],"wp:attachment":[{"href":"https:\/\/handbag-accessories.com\/pt\/wp-json\/wp\/v2\/media?parent=2919"}],"wp:term":[{"taxonomy":"product_brand","embeddable":true,"href":"https:\/\/handbag-accessories.com\/pt\/wp-json\/wp\/v2\/product_brand?post=2919"},{"taxonomy":"product_cat","embeddable":true,"href":"https:\/\/handbag-accessories.com\/pt\/wp-json\/wp\/v2\/product_cat?post=2919"},{"taxonomy":"product_tag","embeddable":true,"href":"https:\/\/handbag-accessories.com\/pt\/wp-json\/wp\/v2\/product_tag?post=2919"}],"curies":[{"name":"wp","href":"https:\/\/api.w.org\/{rel}","templated":true}]}}