{"id":2923,"date":"2023-08-04T16:44:40","date_gmt":"2023-08-04T08:44:40","guid":{"rendered":"https:\/\/handbag-accessories.com\/?post_type=product&#038;p=2923"},"modified":"2023-08-04T16:45:18","modified_gmt":"2023-08-04T08:45:18","slug":"pvc-zipper-rope","status":"publish","type":"product","link":"https:\/\/handbag-accessories.com\/pt\/produto\/pvc-zipper-rope\/","title":{"rendered":"Corda de z\u00edper de PVC"},"content":{"rendered":"","protected":false},"excerpt":{"rendered":"<p>Corda para z\u00edper de bagagem para roupas ao ar livre, PVC, corda para z\u00edper de pl\u00e1stico, puxador de z\u00edper de silicone.<\/p>","protected":false},"featured_media":3068,"comment_status":"open","ping_status":"closed","template":"","meta":{"_seopress_robots_primary_cat":"","_seopress_titles_title":"","_seopress_titles_desc":"","_seopress_robots_index":""},"product_brand":[],"product_cat":[179],"product_tag":[53,38],"class_list":{"0":"post-2923","1":"product","2":"type-product","3":"status-publish","4":"has-post-thumbnail","6":"product_cat-pvc-zipper-puller","7":"product_tag-pvc","8":"product_tag-zipper-puller","10":"first","11":"instock","12":"shipping-taxable","13":"product-type-simple"},"_links":{"self":[{"href":"https:\/\/handbag-accessories.com\/pt\/wp-json\/wp\/v2\/product\/2923","targetHints":{"allow":["GET"]}}],"collection":[{"href":"https:\/\/handbag-accessories.com\/pt\/wp-json\/wp\/v2\/product"}],"about":[{"href":"https:\/\/handbag-accessories.com\/pt\/wp-json\/wp\/v2\/types\/product"}],"replies":[{"embeddable":true,"href":"https:\/\/handbag-accessories.com\/pt\/wp-json\/wp\/v2\/comments?post=2923"}],"wp:featuredmedia":[{"embeddable":true,"href":"https:\/\/handbag-accessories.com\/pt\/wp-json\/wp\/v2\/media\/3068"}],"wp:attachment":[{"href":"https:\/\/handbag-accessories.com\/pt\/wp-json\/wp\/v2\/media?parent=2923"}],"wp:term":[{"taxonomy":"product_brand","embeddable":true,"href":"https:\/\/handbag-accessories.com\/pt\/wp-json\/wp\/v2\/product_brand?post=2923"},{"taxonomy":"product_cat","embeddable":true,"href":"https:\/\/handbag-accessories.com\/pt\/wp-json\/wp\/v2\/product_cat?post=2923"},{"taxonomy":"product_tag","embeddable":true,"href":"https:\/\/handbag-accessories.com\/pt\/wp-json\/wp\/v2\/product_tag?post=2923"}],"curies":[{"name":"wp","href":"https:\/\/api.w.org\/{rel}","templated":true}]}}