{"id":4634,"date":"2024-11-27T15:15:20","date_gmt":"2024-11-27T07:15:20","guid":{"rendered":"https:\/\/handbag-accessories.com\/?post_type=product&#038;p=4634"},"modified":"2024-11-27T15:17:55","modified_gmt":"2024-11-27T07:17:55","slug":"iron-snap-lanyard-hooks","status":"publish","type":"product","link":"https:\/\/handbag-accessories.com\/pt\/produto\/iron-snap-lanyard-hooks\/","title":{"rendered":"Ganchos de cord\u00e3o de ferro"},"content":{"rendered":"<h2>Introdu\u00e7\u00e3o aos ganchos de cord\u00e3o de ferro<\/h2>\n<p>Ganchos de cord\u00e3o de press\u00e3o de ferro s\u00e3o acess\u00f3rios essenciais projetados para melhorar a funcionalidade dos cord\u00f5es. Feitos de materiais dur\u00e1veis, esses ganchos garantem uma fixa\u00e7\u00e3o segura para seus crach\u00e1s de identifica\u00e7\u00e3o, chaves ou ferramentas, tornando-os incrivelmente confi\u00e1veis para o uso di\u00e1rio.<\/p>\n<h2>Benef\u00edcios do uso de ganchos de cord\u00e3o de ferro<\/h2>\n<p>Uma das principais vantagens dos ganchos de cord\u00e3o de press\u00e3o de ferro \u00e9 sua resist\u00eancia. Ao contr\u00e1rio dos equivalentes de pl\u00e1stico, os ganchos de ferro oferecem durabilidade incompar\u00e1vel, garantindo que seus itens permane\u00e7am presos, mesmo em condi\u00e7\u00f5es rigorosas. Al\u00e9m disso, seu design elegante oferece uma apar\u00eancia profissional, adequada para v\u00e1rios ambientes, de corporativos a casuais.<\/p>\n<h2>Conclus\u00e3o<\/h2>\n<p>Em resumo, incorporar ganchos de cord\u00e3o de ferro na sua rotina pode simplificar significativamente como voc\u00ea gerencia e exibe itens importantes. Sua praticidade e robustez os tornam uma escolha essencial para qualquer um que esteja procurando acess\u00f3rios de cord\u00e3o confi\u00e1veis.<\/p>","protected":false},"excerpt":{"rendered":"<p title=\"Ganchos de cord\u00e3o de ferro simples de v\u00e1rios tamanhos, gancho de mola de metal em formato de gota para chaveiro\" data-spm-anchor-id=\"a2700.details.0.i50.365b708dDADzqy\">Ganchos de cord\u00e3o de ferro simples de v\u00e1rios tamanhos, gancho de mola de metal em formato de gota para chaveiro<\/p>","protected":false},"featured_media":4636,"comment_status":"open","ping_status":"closed","template":"","meta":{"_seopress_robots_primary_cat":"none","_seopress_titles_title":"%%post_title%% %%sitetitle%% %%sep%%","_seopress_titles_desc":"%%post_excerpt%%","_seopress_robots_index":""},"product_brand":[],"product_cat":[190,40],"product_tag":[137,107],"class_list":{"0":"post-4634","1":"product","2":"type-product","3":"status-publish","4":"has-post-thumbnail","6":"product_cat-iron-snap-hook","7":"product_cat-snap-hook","8":"product_tag-metal","9":"product_tag-snap-hook","11":"first","12":"instock","13":"shipping-taxable","14":"product-type-simple"},"_links":{"self":[{"href":"https:\/\/handbag-accessories.com\/pt\/wp-json\/wp\/v2\/product\/4634","targetHints":{"allow":["GET"]}}],"collection":[{"href":"https:\/\/handbag-accessories.com\/pt\/wp-json\/wp\/v2\/product"}],"about":[{"href":"https:\/\/handbag-accessories.com\/pt\/wp-json\/wp\/v2\/types\/product"}],"replies":[{"embeddable":true,"href":"https:\/\/handbag-accessories.com\/pt\/wp-json\/wp\/v2\/comments?post=4634"}],"wp:featuredmedia":[{"embeddable":true,"href":"https:\/\/handbag-accessories.com\/pt\/wp-json\/wp\/v2\/media\/4636"}],"wp:attachment":[{"href":"https:\/\/handbag-accessories.com\/pt\/wp-json\/wp\/v2\/media?parent=4634"}],"wp:term":[{"taxonomy":"product_brand","embeddable":true,"href":"https:\/\/handbag-accessories.com\/pt\/wp-json\/wp\/v2\/product_brand?post=4634"},{"taxonomy":"product_cat","embeddable":true,"href":"https:\/\/handbag-accessories.com\/pt\/wp-json\/wp\/v2\/product_cat?post=4634"},{"taxonomy":"product_tag","embeddable":true,"href":"https:\/\/handbag-accessories.com\/pt\/wp-json\/wp\/v2\/product_tag?post=4634"}],"curies":[{"name":"wp","href":"https:\/\/api.w.org\/{rel}","templated":true}]}}