{"id":4659,"date":"2024-11-29T14:07:27","date_gmt":"2024-11-29T06:07:27","guid":{"rendered":"https:\/\/handbag-accessories.com\/?post_type=product&#038;p=4659"},"modified":"2024-12-04T16:39:31","modified_gmt":"2024-12-04T08:39:31","slug":"engrave-metal-label","status":"publish","type":"product","link":"https:\/\/handbag-accessories.com\/pt\/produto\/engrave-metal-label\/","title":{"rendered":"Gravar etiqueta de metal"},"content":{"rendered":"<h2>Descubra Etiquetas Met\u00e1licas Personalizadas<\/h2>\n<p>Melhore suas bolsas com nossas etiquetas de metal de logotipo de marca personalizadas de design gratuito. Adaptadas \u00e0s suas especifica\u00e7\u00f5es, essas etiquetas fornecem um toque \u00fanico que diferencia seus produtos.<\/p>\n<h2>Etiquetas de nome c\u00f4ncavas gravadas<\/h2>\n<p>Nossas etiquetas de nome c\u00f4ncavas gravadas s\u00e3o perfeitas para criar um visual sofisticado. Feitas com materiais de qualidade, essas placas de metal garantem durabilidade ao mesmo tempo em que entregam eleg\u00e2ncia \u00e0 sua linha de bolsas.<\/p>\n<h2>Por que escolher nossas placas de metal?<\/h2>\n<p>Com nossas etiquetas personalizadas, voc\u00ea obt\u00e9m a flexibilidade do design junto com a praticidade. As placas de metal s\u00e3o ideais para branding, oferecendo uma apar\u00eancia de luxo que ressoa com os entusiastas de bolsas de luxo.<\/p>","protected":false},"excerpt":{"rendered":"<p title=\"Etiquetas de metal com logotipo de marca personalizadas de design gratuito, etiquetas de nome c\u00f4ncavas, placas de metal para bolsas\" data-spm-anchor-id=\"a2700.details.0.i52.28854e39zh0lrO\">Etiquetas de metal com logotipo de marca personalizadas de design gratuito, etiquetas de nome c\u00f4ncavas, placas de metal para bolsas<\/p>","protected":false},"featured_media":4661,"comment_status":"open","ping_status":"closed","template":"","meta":{"_seopress_robots_primary_cat":"none","_seopress_titles_title":"%%post_title%% %%sitetitle%% %%sep%%","_seopress_titles_desc":"%%post_excerpt%%","_seopress_robots_index":""},"product_brand":[],"product_cat":[69,101],"product_tag":[100],"class_list":{"0":"post-4659","1":"product","2":"type-product","3":"status-publish","4":"has-post-thumbnail","6":"product_cat-metal-label","7":"product_cat-zinc-alloy-label","8":"product_tag-metal-label","10":"first","11":"instock","12":"shipping-taxable","13":"product-type-simple"},"_links":{"self":[{"href":"https:\/\/handbag-accessories.com\/pt\/wp-json\/wp\/v2\/product\/4659","targetHints":{"allow":["GET"]}}],"collection":[{"href":"https:\/\/handbag-accessories.com\/pt\/wp-json\/wp\/v2\/product"}],"about":[{"href":"https:\/\/handbag-accessories.com\/pt\/wp-json\/wp\/v2\/types\/product"}],"replies":[{"embeddable":true,"href":"https:\/\/handbag-accessories.com\/pt\/wp-json\/wp\/v2\/comments?post=4659"}],"wp:featuredmedia":[{"embeddable":true,"href":"https:\/\/handbag-accessories.com\/pt\/wp-json\/wp\/v2\/media\/4661"}],"wp:attachment":[{"href":"https:\/\/handbag-accessories.com\/pt\/wp-json\/wp\/v2\/media?parent=4659"}],"wp:term":[{"taxonomy":"product_brand","embeddable":true,"href":"https:\/\/handbag-accessories.com\/pt\/wp-json\/wp\/v2\/product_brand?post=4659"},{"taxonomy":"product_cat","embeddable":true,"href":"https:\/\/handbag-accessories.com\/pt\/wp-json\/wp\/v2\/product_cat?post=4659"},{"taxonomy":"product_tag","embeddable":true,"href":"https:\/\/handbag-accessories.com\/pt\/wp-json\/wp\/v2\/product_tag?post=4659"}],"curies":[{"name":"wp","href":"https:\/\/api.w.org\/{rel}","templated":true}]}}